{"id":16664,"date":"2015-02-06T18:44:31","date_gmt":"2015-02-06T17:44:31","guid":{"rendered":"http:\/\/www.ballara.es\/?page_id=16664"},"modified":"2022-04-20T08:09:05","modified_gmt":"2022-04-20T07:09:05","slug":"cake-and-apple-and-cinnamon","status":"publish","type":"page","link":"https:\/\/www.ballara.es\/fr\/le-produit\/pomme-cannelle\/","title":{"rendered":"Pomme &#038; Cannelle"},"content":{"rendered":"<div class=\"wpb-content-wrapper\"><p>[vc_row][vc_column width=\u00a0\u00bb1\/1&Prime;][vc_empty_space height=\u00a0\u00bb32px\u00a0\u00bb][\/vc_column][\/vc_row][vc_row css=\u00a0\u00bb.vc_custom_1422727294413{margin-right: 50px !important;margin-left: 50px !important;}\u00a0\u00bb row_type=\u00a0\u00bbrow\u00a0\u00bb use_row_as_full_screen_section=\u00a0\u00bbno\u00a0\u00bb type=\u00a0\u00bbfull_width\u00a0\u00bb text_align=\u00a0\u00bbleft\u00a0\u00bb background_image_as_pattern=\u00a0\u00bbwithout_pattern\u00a0\u00bb][vc_column width=\u00a0\u00bb1\/4&Prime;][vc_empty_space height=\u00a0\u00bb15px\u00a0\u00bb][vc_single_image image=\u00a0\u00bb16665&Prime; alignment=\u00a0\u00bbcenter\u00a0\u00bb border_color=\u00a0\u00bbgrey\u00a0\u00bb img_link_target=\u00a0\u00bb_self\u00a0\u00bb img_size=\u00a0\u00bb301&#215;233&Prime;][\/vc_column][vc_column width=\u00a0\u00bb7\/12&Prime;][vc_empty_space height=\u00a0\u00bb40px\u00a0\u00bb][vc_column_text]<\/p>\n<h2><span style=\"color: #663300; font-size: 50px; letter-spacing: 0px;\">APPLE&amp; CINNAMON<\/span><\/h2>\n<p><span style=\"color: #cc9966; font-size: 21px; line-height: 26px;\">Avec 20% de pomme Granny Smith et la touche juste de cannelle, cette combinaison parfaite voit le jour. Extr\u00eamement d\u00e9licieux. Qui sera capable de dire non?<\/span><\/p>\n<p>[\/vc_column_text][vc_separator type=\u00a0\u00bbtransparent\u00a0\u00bb position=\u00a0\u00bbcenter\u00a0\u00bb up=\u00a0\u00bb10&Prime; down=\u00a0\u00bb10&Prime;][vc_column_text]<\/p>\n<h3><span style=\"color: #663300; line-height: 18px;\">INGR\u00c9DIENTS<\/span><\/h3>\n<p style=\"color: #663300; font-size: 14px; line-height: 18px;\">Farine de bl\u00e9, Cubes de pomme Granny Smith confit\u00e9s (20%) (sirop de glucose et fructose, saccharose et correcteur d\u2019acidit\u00e9: acide citrique), sucres, huile de tournesol, oeuf liquide pasteurise, humidifiant (glyc\u00e9rine), \u00e9mulsifiant (mono-et diglyc\u00e9rides d\u2019acides gras), poudres \u00e0 lever* (carbonate acide de sodium, diphosphate disodique, sulfate de calcium, carbonate de calcium et amidon de bl\u00e9), sel, acidifiant (acide lactique), cannelle en poudre, conservateur (sorbate de potassium), \u00e9paississant (gomme de guar) et ar\u00f4mes. <\/p>\n<p>[\/vc_column_text][vc_separator type=\u00a0\u00bbtransparent\u00a0\u00bb position=\u00a0\u00bbcenter\u00a0\u00bb up=\u00a0\u00bb10&Prime; down=\u00a0\u00bb10&Prime;][vc_column_text]<\/p>\n<h3><span style=\"color: #663300;\">ALLERGERN<\/span><\/h3>\n<p style=\"color: #663300; font-size: 14px; line-height: 18px;\">Le produit contient du gluten et de l\u2019\u0153uf. *Peut contenir des traces de lait.<\/p>\n<p>[\/vc_column_text][\/vc_column][\/vc_row][vc_row][vc_column width=\u00a0\u00bb1\/1&Prime;][vc_empty_space height=\u00a0\u00bb40px\u00a0\u00bb][\/vc_column][\/vc_row][vc_row row_type=\u00a0\u00bbparallax\u00a0\u00bb use_row_as_full_screen_section=\u00a0\u00bbno\u00a0\u00bb type=\u00a0\u00bbfull_width\u00a0\u00bb text_align=\u00a0\u00bbcenter\u00a0\u00bb background_image=\u00a0\u00bb16648&Prime; background_image_as_pattern=\u00a0\u00bbwithout_pattern\u00a0\u00bb][vc_column width=\u00a0\u00bb1\/1&Prime;][vc_empty_space height=\u00a0\u00bb80px\u00a0\u00bb][vc_column_text]<\/p>\n<h1 style=\"color: #ffffff; font-size: 50px;\">D\u00c9CLARATION NUTRITIONNELLE<\/h1>\n<p>[\/vc_column_text][vc_empty_space height=\u00a0\u00bb80px\u00a0\u00bb][\/vc_column][\/vc_row][vc_row][vc_column width=\u00a0\u00bb1\/1&Prime;][vc_empty_space height=\u00a0\u00bb50px\u00a0\u00bb][vc_column_text]<\/p>\n<div class=\"table-responsive\"><table  style=\"width:100%; \"  class=\"easy-table easy-table-default informacion-nutricional-ballara\" border=\"1\">\n<thead>\r\n<tr><th >VALEURS<\/th>\n<th >PAR 100G<\/th>\n<\/tr>\n<\/thead>\n<tbody>\r\n<tr><td >\u00c9NERGIE<\/td>\n<td >1813 KJ \/433 Kcal<\/td>\n<\/tr>\n\r\n<tr><td >GRAISSES<\/td>\n<td >22.3 g<\/td>\n<\/tr>\n\r\n<tr><td >dont<\/td>\n<td ><\/td>\n<\/tr>\n\r\n<tr><td >SATUR\u00c9S<\/td>\n<td >4.7 g<\/td>\n<\/tr>\n\r\n<tr><td >GLUCIDES<\/td>\n<td >52.5 g<\/td>\n<\/tr>\n\r\n<tr><td >dont<\/td>\n<td ><\/td>\n<\/tr>\n\r\n<tr><td >SUCRES<\/td>\n<td >32 g<\/td>\n<\/tr>\n\r\n<tr><td >FIBRES ALIMENTAIRES<\/td>\n<td >3.1 g<\/td>\n<\/tr>\n\r\n<tr><td >PROT\u00c9INES<\/td>\n<td >4.3 g<\/td>\n<\/tr>\n\r\n<tr><td >SEL<\/td>\n<td >0.5 g<\/td>\n<\/tr>\n<\/tbody><\/table><\/div>\n<p>[\/vc_column_text][vc_empty_space height=\u00a0\u00bb100px\u00a0\u00bb][\/vc_column][\/vc_row][vc_row css=\u00a0\u00bb.vc_custom_1422734208830{margin-top: 30px !important;margin-right: 30px !important;margin-bottom: 30px !important;margin-left: 30px !important;}\u00a0\u00bb row_type=\u00a0\u00bbrow\u00a0\u00bb use_row_as_full_screen_section=\u00a0\u00bbno\u00a0\u00bb type=\u00a0\u00bbfull_width\u00a0\u00bb text_align=\u00a0\u00bbcenter\u00a0\u00bb background_image_as_pattern=\u00a0\u00bbwithout_pattern\u00a0\u00bb][vc_column width=\u00a0\u00bb1\/4&Prime;]<div class='q_icon_with_title very_large icon_image center'><div class=\"icon_holder q_icon_animation\" style=\"margin: 0px 0px 15px 0px; transition-delay: 200ms; -webkit-transition-delay: 200ms; -moz-transition-delay: 200ms; -o-transition-delay: 200ms;\"><img decoding=\"async\" style=\"margin: 0px 0px 15px 0px;\" src=\"https:\/\/www.ballara.es\/wp-content\/uploads\/2015\/01\/AF_BALLARA_pictos_FITXA_TRANS.png\" alt=\"\"><\/div><div class=\"icon_text_holder\" style=\"\"><div class=\"icon_text_inner\" style=\"\"><h3 class=\"icon_title\" style=\"\">SANS GRAISSES HYDROG\u00c9N\u00c9ES<\/h3><p style=''><\/p><\/div><\/div><\/div>[\/vc_column][vc_column width=\u00a0\u00bb1\/4&Prime;]<div class='q_icon_with_title very_large icon_image center'><div class=\"icon_holder q_icon_animation\" style=\"margin: 0px 0px 15px 0px; transition-delay: 200ms; -webkit-transition-delay: 200ms; -moz-transition-delay: 200ms; -o-transition-delay: 200ms;\"><img decoding=\"async\" style=\"margin: 0px 0px 15px 0px;\" src=\"https:\/\/www.ballara.es\/wp-content\/uploads\/2015\/01\/AF_BALLARA_pictos_FITXA_OLI.png\" alt=\"\"><\/div><div class=\"icon_text_holder\" style=\"\"><div class=\"icon_text_inner\" style=\"\"><h3 class=\"icon_title\" style=\"\">AAVEC DE L\u2019HUILE DE TOURNESOL<\/h3><p style=''><\/p><\/div><\/div><\/div>[\/vc_column][vc_column width=\u00a0\u00bb1\/4&Prime;]<div class='q_icon_with_title very_large icon_image center'><div class=\"icon_holder q_icon_animation\" style=\"margin: 0px 0px 15px 0px; transition-delay: 200ms; -webkit-transition-delay: 200ms; -moz-transition-delay: 200ms; -o-transition-delay: 200ms;\"><img decoding=\"async\" style=\"margin: 0px 0px 15px 0px;\" src=\"https:\/\/www.ballara.es\/wp-content\/uploads\/2015\/01\/AF_BALLARA_pictos_FITXA_OMEGA.png\" alt=\"\"><\/div><div class=\"icon_text_holder\" style=\"\"><div class=\"icon_text_inner\" style=\"\"><h3 class=\"icon_title\" style=\"\">RICHE EN VITAMINE E ET OM\u00c9GA-6<\/h3><p style=''><\/p><\/div><\/div><\/div>[\/vc_column][vc_column width=\u00a0\u00bb1\/4&Prime;]<div class='q_icon_with_title very_large icon_image center'><div class=\"icon_holder q_icon_animation\" style=\"margin: 0px 0px 15px 0px; transition-delay: 200ms; -webkit-transition-delay: 200ms; -moz-transition-delay: 200ms; -o-transition-delay: 200ms;\"><img decoding=\"async\" style=\"margin: 0px 0px 15px 0px;\" src=\"https:\/\/www.ballara.es\/wp-content\/uploads\/2015\/01\/AF_BALLARA_pictos_FITXA_COLORANT.png\" alt=\"\"><\/div><div class=\"icon_text_holder\" style=\"\"><div class=\"icon_text_inner\" style=\"\"><h3 class=\"icon_title\" style=\"\">SANS COLORANTS ARTIFICIELS<\/h3><p style=''><\/p><\/div><\/div><\/div>[\/vc_column][\/vc_row][vc_row][vc_column width=\u00a0\u00bb1\/1&Prime;][vc_empty_space height=\u00a0\u00bb45px\u00a0\u00bb][\/vc_column][\/vc_row][vc_row row_type=\u00a0\u00bbparallax\u00a0\u00bb use_row_as_full_screen_section=\u00a0\u00bbno\u00a0\u00bb type=\u00a0\u00bbfull_width\u00a0\u00bb text_align=\u00a0\u00bbcenter\u00a0\u00bb background_image=\u00a0\u00bb16454&Prime; background_image_as_pattern=\u00a0\u00bbwithout_pattern\u00a0\u00bb][vc_column width=\u00a0\u00bb1\/1&Prime;][vc_empty_space height=\u00a0\u00bb80px\u00a0\u00bb][vc_column_text]<\/p>\n<h1 style=\"color: #ffffff; font-size: 50px;\">CONDITIONNEMENT ET EMBALLAGE<\/h1>\n<p style=\"color: #ffffff; font-size: 21px; line-height: 26px;\">Ce produit se pr\u00e9sente sous les formats suivants<\/p>\n<p>[\/vc_column_text][vc_empty_space height=\u00a0\u00bb80px\u00a0\u00bb][\/vc_column][\/vc_row][vc_row][vc_column width=\u00a0\u00bb1\/1&Prime;][vc_empty_space height=\u00a0\u00bb60px\u00a0\u00bb][\/vc_column][\/vc_row][vc_row css=\u00a0\u00bb.vc_custom_1422736038884{margin-top: 30px !important;margin-right: 30px !important;margin-bottom: 30px !important;margin-left: 30px !important;}\u00a0\u00bb row_type=\u00a0\u00bbrow\u00a0\u00bb use_row_as_full_screen_section=\u00a0\u00bbno\u00a0\u00bb type=\u00a0\u00bbfull_width\u00a0\u00bb text_align=\u00a0\u00bbleft\u00a0\u00bb background_image_as_pattern=\u00a0\u00bbwithout_pattern\u00a0\u00bb][vc_column width=\u00a0\u00bb1\/3&Prime;]<div class=\"q_image_with_text_over \"><div class=\"shader\"><\/div><img decoding=\"async\" src=\"https:\/\/www.ballara.es\/wp-content\/uploads\/2015\/01\/ENVASE_EMBALAJE_65.jpg\" alt=\"65g\" \/><div class=\"text\"><table><tr><td><h2 class=\"caption no_icon\" style=\"font-size: 100px;\">65g<\/h2><\/td><\/tr><\/table><table><tr><td><div class=\"desc\"><\/div><\/td><\/tr><\/table><\/div><\/div>[\/vc_column][vc_column width=\u00a0\u00bb1\/3&Prime;]<div class=\"q_image_with_text_over \"><div class=\"shader\"><\/div><img decoding=\"async\" src=\"https:\/\/www.ballara.es\/wp-content\/uploads\/2015\/01\/ENVASE_EMBALAJE_400.jpg\" alt=\"400g\" \/><div class=\"text\"><table><tr><td><h2 class=\"caption no_icon\" style=\"font-size: 100px;\">400g<\/h2><\/td><\/tr><\/table><table><tr><td><div class=\"desc\"><\/div><\/td><\/tr><\/table><\/div><\/div>[\/vc_column][vc_column width=\u00a0\u00bb1\/3&Prime;]<div class=\"q_image_with_text_over \"><div class=\"shader\"><\/div><img decoding=\"async\" src=\"https:\/\/www.ballara.es\/wp-content\/uploads\/2015\/01\/ENVASE_EMBALAJE_800.jpg\" alt=\"800g\" \/><div class=\"text\"><table><tr><td><h2 class=\"caption no_icon\" style=\"font-size: 100px;\">800g<\/h2><\/td><\/tr><\/table><table><tr><td><div class=\"desc\"><\/div><\/td><\/tr><\/table><\/div><\/div>[\/vc_column][\/vc_row][vc_row][vc_column width=\u00a0\u00bb1\/1&Prime;][vc_empty_space height=\u00a0\u00bb60px\u00a0\u00bb][\/vc_column][\/vc_row]<\/p>\n<\/div>","protected":false},"excerpt":{"rendered":"<p>[vc_row][vc_column width=\u00a0\u00bb1\/1&Prime;][vc_empty_space height=\u00a0\u00bb32px\u00a0\u00bb][\/vc_column][\/vc_row][vc_row css=\u00a0\u00bb.vc_custom_1422727294413{margin-right: 50px !important;margin-left: 50px !important;}\u00a0\u00bb row_type=\u00a0\u00bbrow\u00a0\u00bb use_row_as_full_screen_section=\u00a0\u00bbno\u00a0\u00bb type=\u00a0\u00bbfull_width\u00a0\u00bb text_align=\u00a0\u00bbleft\u00a0\u00bb background_image_as_pattern=\u00a0\u00bbwithout_pattern\u00a0\u00bb][vc_column width=\u00a0\u00bb1\/4&Prime;][vc_empty_space height=\u00a0\u00bb15px\u00a0\u00bb][vc_single_image image=\u00a0\u00bb16665&Prime; alignment=\u00a0\u00bbcenter\u00a0\u00bb border_color=\u00a0\u00bbgrey\u00a0\u00bb img_link_target=\u00a0\u00bb_self\u00a0\u00bb img_size=\u00a0\u00bb301&#215;233&Prime;][\/vc_column][vc_column width=\u00a0\u00bb7\/12&Prime;][vc_empty_space height=\u00a0\u00bb40px\u00a0\u00bb][vc_column_text] APPLE&amp; CINNAMON Avec 20% de pomme Granny Smith et la touche juste de cannelle, cette combinaison parfaite voit le jour. Extr\u00eamement d\u00e9licieux. Qui&#8230;<\/p>\n","protected":false},"author":1,"featured_media":0,"parent":16319,"menu_order":0,"comment_status":"open","ping_status":"closed","template":"full_width.php","meta":{"footnotes":""},"class_list":["post-16664","page","type-page","status-publish","hentry"],"_links":{"self":[{"href":"https:\/\/www.ballara.es\/fr\/wp-json\/wp\/v2\/pages\/16664","targetHints":{"allow":["GET"]}}],"collection":[{"href":"https:\/\/www.ballara.es\/fr\/wp-json\/wp\/v2\/pages"}],"about":[{"href":"https:\/\/www.ballara.es\/fr\/wp-json\/wp\/v2\/types\/page"}],"author":[{"embeddable":true,"href":"https:\/\/www.ballara.es\/fr\/wp-json\/wp\/v2\/users\/1"}],"replies":[{"embeddable":true,"href":"https:\/\/www.ballara.es\/fr\/wp-json\/wp\/v2\/comments?post=16664"}],"version-history":[{"count":16,"href":"https:\/\/www.ballara.es\/fr\/wp-json\/wp\/v2\/pages\/16664\/revisions"}],"predecessor-version":[{"id":17074,"href":"https:\/\/www.ballara.es\/fr\/wp-json\/wp\/v2\/pages\/16664\/revisions\/17074"}],"up":[{"embeddable":true,"href":"https:\/\/www.ballara.es\/fr\/wp-json\/wp\/v2\/pages\/16319"}],"wp:attachment":[{"href":"https:\/\/www.ballara.es\/fr\/wp-json\/wp\/v2\/media?parent=16664"}],"curies":[{"name":"wp","href":"https:\/\/api.w.org\/{rel}","templated":true}]}}