{"id":16394,"date":"2015-01-31T22:00:04","date_gmt":"2015-01-31T21:00:04","guid":{"rendered":"http:\/\/www.ballara.es\/?page_id=16394"},"modified":"2023-02-07T16:42:51","modified_gmt":"2023-02-07T15:42:51","slug":"quality","status":"publish","type":"page","link":"https:\/\/www.ballara.es\/fr\/qualite\/","title":{"rendered":"Qualit\u00e9"},"content":{"rendered":"<div class=\"wpb-content-wrapper\"><p>[vc_row text_align=\u00a0\u00bbcenter\u00a0\u00bb background_image=\u00a0\u00bb16581&Prime;][vc_column][vc_empty_space height=\u00a0\u00bb90px\u00a0\u00bb][vc_empty_space height=\u00a0\u00bb35px\u00a0\u00bb][vc_column_text]<\/p>\n<h1><span style=\"color: #ffffff; font-size: 70px;\">QUALIT\u00c9<\/span><\/h1>\n<p>[\/vc_column_text][vc_empty_space height=\u00a0\u00bb60px\u00a0\u00bb][\/vc_column][\/vc_row][vc_row][vc_column][vc_empty_space height=\u00a0\u00bb80px\u00a0\u00bb][\/vc_column][\/vc_row][vc_row][vc_column offset=\u00a0\u00bbvc_col-xs-offset-1 vc_col-xs-10&Prime;][vc_row_inner css=\u00a0\u00bb.vc_custom_1422900972529{margin-bottom: 30px !important;}\u00a0\u00bb][vc_column_inner width=\u00a0\u00bb1\/4&Prime;][vc_single_image image=\u00a0\u00bb17098&Prime; img_size=\u00a0\u00bb150&#215;89&Prime; alignment=\u00a0\u00bbcenter\u00a0\u00bb qode_css_animation=\u00a0\u00bbelement_from_fade\u00a0\u00bb transition_delay=\u00a0\u00bb0.2&Prime; css=\u00a0\u00bb.vc_custom_1675768580345{margin-bottom: 60px !important;}\u00a0\u00bb][\/vc_column_inner][vc_column_inner width=\u00a0\u00bb7\/12&Prime; css=\u00a0\u00bb.vc_custom_1423150114023{margin-right: 20px !important;}\u00a0\u00bb][vc_column_text]<\/p>\n<h1><span style=\"color: #663300; font-size: 50px;\">IFS<\/span><\/h1>\n<p><span style=\"color: #cc9966; font-size: 21px; line-height: 26px;\">Chez Ballar\u00e0, nous sommes fermement engag\u00e9s \u00e0 offrir la meilleure qualit\u00e9. Le suivi de chacune des phases du processus de production nous permet de garantir la qualit\u00e9 et la s\u00e9curit\u00e9 alimentaire de tous nos produits.<br \/>\nParce que la qualit\u00e9, c\u2019est notre priorit\u00e9.<\/span><\/p>\n<p>[\/vc_column_text][\/vc_column_inner][\/vc_row_inner][vc_row_inner text_align=\u00a0\u00bbcenter\u00a0\u00bb][vc_column_inner width=\u00a0\u00bb5\/6&Prime;][vc_empty_space][vc_separator transparency=\u00a0\u00bb1&Prime; up=\u00a0\u00bb30px\u00a0\u00bb down=\u00a0\u00bb15px\u00a0\u00bb][vc_empty_space height=\u00a0\u00bb15px\u00a0\u00bb][\/vc_column_inner][\/vc_row_inner][vc_row_inner css=\u00a0\u00bb.vc_custom_1422900993520{margin-top: 15px !important;margin-bottom: 30px !important;}\u00a0\u00bb][vc_column_inner width=\u00a0\u00bb1\/4&Prime;][vc_single_image image=\u00a0\u00bb17101&Prime; img_size=\u00a0\u00bb150&#215;113&Prime; alignment=\u00a0\u00bbcenter\u00a0\u00bb qode_css_animation=\u00a0\u00bbelement_from_fade\u00a0\u00bb transition_delay=\u00a0\u00bb0.2&Prime; css=\u00a0\u00bb.vc_custom_1675768620271{margin-bottom: 60px !important;}\u00a0\u00bb][\/vc_column_inner][vc_column_inner width=\u00a0\u00bb7\/12&Prime; css=\u00a0\u00bb.vc_custom_1423150120169{margin-right: 20px !important;}\u00a0\u00bb][vc_column_text]<\/p>\n<h1><span style=\"color: #663300; font-size: 50px;\">BRCGS<\/span><\/h1>\n<p>[\/vc_column_text][\/vc_column_inner][\/vc_row_inner][vc_row_inner][vc_column_inner width=\u00a0\u00bb5\/6&Prime;][vc_empty_space][vc_separator transparency=\u00a0\u00bb1&Prime; up=\u00a0\u00bb30px\u00a0\u00bb down=\u00a0\u00bb15px\u00a0\u00bb][vc_empty_space height=\u00a0\u00bb15px\u00a0\u00bb][\/vc_column_inner][\/vc_row_inner][vc_row_inner css=\u00a0\u00bb.vc_custom_1422901000290{margin-top: 15px !important;margin-bottom: 30px !important;}\u00a0\u00bb][vc_column_inner width=\u00a0\u00bb1\/4&Prime;][vc_single_image image=\u00a0\u00bb16554&Prime; img_size=\u00a0\u00bb160&#215;160&Prime; alignment=\u00a0\u00bbcenter\u00a0\u00bb qode_css_animation=\u00a0\u00bbelement_from_fade\u00a0\u00bb transition_delay=\u00a0\u00bb0.2&Prime; css=\u00a0\u00bb.vc_custom_1423191289120{margin-bottom: 60px !important;}\u00a0\u00bb][\/vc_column_inner][vc_column_inner width=\u00a0\u00bb7\/12&Prime; css=\u00a0\u00bb.vc_custom_1423150126785{margin-right: 20px !important;}\u00a0\u00bb][vc_column_text]<\/p>\n<h1><span style=\"color: #663300; font-size: 50px;\">REDUCTION DES EMISSIONS DE CO<sub>2<\/sub><\/span><\/h1>\n<p><span style=\"color: #cc9966; font-size: 21px; line-height: 26px;\">Notre responsabilit\u00e9 en mati\u00e8re de durabilit\u00e9 et de sensibilit\u00e9 \u00e0 l\u2019environnement nous a pouss\u00e9s \u00e0 d\u00e9velopper, entre autres, des actions pour compenser nos \u00e9missions de carbone.<\/span><\/p>\n<p>[\/vc_column_text][\/vc_column_inner][\/vc_row_inner][vc_row_inner][vc_column_inner width=\u00a0\u00bb5\/6&Prime;][vc_empty_space][vc_separator transparency=\u00a0\u00bb1&Prime; up=\u00a0\u00bb30px\u00a0\u00bb down=\u00a0\u00bb15px\u00a0\u00bb][vc_empty_space height=\u00a0\u00bb15px\u00a0\u00bb][\/vc_column_inner][\/vc_row_inner][vc_row_inner css=\u00a0\u00bb.vc_custom_1422901006136{margin-top: 15px !important;margin-bottom: 30px !important;}\u00a0\u00bb][vc_column_inner width=\u00a0\u00bb1\/4&Prime;][vc_single_image image=\u00a0\u00bb16555&Prime; img_size=\u00a0\u00bb160&#215;160&Prime; alignment=\u00a0\u00bbcenter\u00a0\u00bb qode_css_animation=\u00a0\u00bbelement_from_fade\u00a0\u00bb transition_delay=\u00a0\u00bb0.2&Prime; css=\u00a0\u00bb.vc_custom_1423191304460{margin-bottom: 60px !important;}\u00a0\u00bb][\/vc_column_inner][vc_column_inner width=\u00a0\u00bb7\/12&Prime; css=\u00a0\u00bb.vc_custom_1423150133112{margin-right: 20px !important;}\u00a0\u00bb][vc_column_text]<\/p>\n<h1><span style=\"color: #663300; font-size: 50px;\">CONSCIENCE ECOLOGIQUE<\/span><\/h1>\n<p><span style=\"color: #cc9966; font-size: 21px; line-height: 26px;\">Pensamos y actuamos globalmente. Velamos para que nuestra actividad sea compatible con nuestro entorno: nos encargamos de disminuir los residuos que generamos y procuramos usar recursos sostenibles en nuestro proceso productivo.<\/span><\/p>\n<p>[\/vc_column_text][\/vc_column_inner][\/vc_row_inner][vc_row_inner][vc_column_inner width=\u00a0\u00bb5\/6&Prime;][vc_empty_space][vc_separator transparency=\u00a0\u00bb1&Prime; up=\u00a0\u00bb30px\u00a0\u00bb down=\u00a0\u00bb15px\u00a0\u00bb][vc_empty_space height=\u00a0\u00bb15px\u00a0\u00bb][\/vc_column_inner][\/vc_row_inner][vc_row_inner css=\u00a0\u00bb.vc_custom_1422901015560{margin-top: 15px !important;margin-bottom: 30px !important;}\u00a0\u00bb][vc_column_inner width=\u00a0\u00bb1\/4&Prime;][vc_single_image image=\u00a0\u00bb16556&Prime; img_size=\u00a0\u00bb160&#215;160&Prime; alignment=\u00a0\u00bbcenter\u00a0\u00bb qode_css_animation=\u00a0\u00bbelement_from_fade\u00a0\u00bb transition_delay=\u00a0\u00bb0.2&Prime; css=\u00a0\u00bb.vc_custom_1423191320218{margin-bottom: 60px !important;}\u00a0\u00bb][\/vc_column_inner][vc_column_inner width=\u00a0\u00bb7\/12&Prime; css=\u00a0\u00bb.vc_custom_1423150139633{margin-right: 20px !important;}\u00a0\u00bb][vc_column_text]<\/p>\n<h1><span style=\"color: #663300; font-size: 50px;\">SANT\u00c9<\/span><\/h1>\n<p><span style=\"color: #cc9966; font-size: 21px; line-height: 26px;\">Nous nous engageons \u00e0 vous offrir une alimentation saine, en continuant de mettre en place des d\u00e9marches d\u2019am\u00e9lioration continue pour obtenir la plus haute qualit\u00e9. Cet objectif nous a pouss\u00e9s \u00e0 supprimer tous les graisses hydrog\u00e9n\u00e9es de nos produits.<\/span><\/p>\n<p>[\/vc_column_text][\/vc_column_inner][\/vc_row_inner][vc_row_inner][vc_column_inner width=\u00a0\u00bb5\/6&Prime;][vc_empty_space][vc_separator transparency=\u00a0\u00bb1&Prime; up=\u00a0\u00bb30px\u00a0\u00bb down=\u00a0\u00bb15px\u00a0\u00bb][vc_empty_space height=\u00a0\u00bb15px\u00a0\u00bb][\/vc_column_inner][\/vc_row_inner][vc_row_inner css=\u00a0\u00bb.vc_custom_1422901024587{margin-top: 15px !important;margin-bottom: 30px !important;}\u00a0\u00bb][vc_column_inner width=\u00a0\u00bb1\/4&Prime;][vc_single_image image=\u00a0\u00bb16557&Prime; img_size=\u00a0\u00bb160&#215;160&Prime; alignment=\u00a0\u00bbcenter\u00a0\u00bb qode_css_animation=\u00a0\u00bbelement_from_fade\u00a0\u00bb transition_delay=\u00a0\u00bb0.2&Prime; css=\u00a0\u00bb.vc_custom_1423191337383{margin-bottom: 60px !important;}\u00a0\u00bb][\/vc_column_inner][vc_column_inner width=\u00a0\u00bb7\/12&Prime; css=\u00a0\u00bb.vc_custom_1423150145672{margin-right: 20px !important;}\u00a0\u00bb][vc_column_text]<\/p>\n<h1><span style=\"color: #663300; font-size: 50px;\">HUILE DE TOURNESOL<\/span><\/h1>\n<p><span style=\"color: #cc9966; font-size: 21px; line-height: 26px;\">Les gras trans sont dangereux pour la sant\u00e9 car ils augmentent le niveau de LDL (mauvais cholest\u00e9rol) et favorisent \u00e0 la fois la diminution des niveaux de HDL (bon cholest\u00e9rol), en cr\u00e9ant un d\u00e9s\u00e9quilibre dans notre organisme.<\/span><\/p>\n<p><span style=\"color: #cc9966; font-size: 21px; line-height: 26px;\">Pour cela, depuis Ballar\u00e0 nous avons d\u00e9cid\u00e9 d\u2019utiliser de l\u2019huile de tournesol (graisse d\u2019origine v\u00e9g\u00e9tale) dans l\u2019\u00e9laboration de nos produits.<\/span><\/p>\n<p><span style=\"color: #cc9966; font-size: 21px; line-height: 26px;\">Utiliser de l\u2019huile de tournesol est plus b\u00e9n\u00e9fique pour la sant\u00e9 du fait de sa forte teneur en acides gras om\u00e9gas 6 qui exercent un effet anti-inflammatoire et cardioprotecteur et diminuent \u00e0 la fois le taux de cholest\u00e9rol LDL.<\/span><\/p>\n<p>[\/vc_column_text][\/vc_column_inner][\/vc_row_inner][vc_row_inner][vc_column_inner width=\u00a0\u00bb5\/6&Prime;][vc_empty_space][vc_separator transparency=\u00a0\u00bb1&Prime; up=\u00a0\u00bb30px\u00a0\u00bb down=\u00a0\u00bb15px\u00a0\u00bb][vc_empty_space height=\u00a0\u00bb15px\u00a0\u00bb][\/vc_column_inner][\/vc_row_inner][vc_row_inner css=\u00a0\u00bb.vc_custom_1422901024587{margin-top: 15px !important;margin-bottom: 30px !important;}\u00a0\u00bb][vc_column_inner width=\u00a0\u00bb1\/4&Prime;][vc_single_image image=\u00a0\u00bb16558&Prime; img_size=\u00a0\u00bb160&#215;160&Prime; alignment=\u00a0\u00bbcenter\u00a0\u00bb qode_css_animation=\u00a0\u00bbelement_from_fade\u00a0\u00bb transition_delay=\u00a0\u00bb0.2&Prime; css=\u00a0\u00bb.vc_custom_1423191353016{margin-bottom: 60px !important;}\u00a0\u00bb][\/vc_column_inner][vc_column_inner width=\u00a0\u00bb7\/12&Prime; css=\u00a0\u00bb.vc_custom_1423150151264{margin-right: 20px !important;}\u00a0\u00bb][vc_column_text]<\/p>\n<h1><span style=\"color: #663300; font-size: 50px;\">\u0152UFS FRAIS<\/span><\/h1>\n<p><span style=\"color: #cc9966; font-size: 21px; line-height: 26px;\">Nous utilisons des \u0153ufs frais et de cat\u00e9gorie A dans nos recettes.<\/span><\/p>\n<p><span style=\"color: #cc9966; font-size: 21px; line-height: 26px;\">Les \u0153ufs sont pasteuris\u00e9s quand ils arrivent dans nos installations et nous avons mis en place toutes les mesures n\u00e9cessaires pour \u00e9viter de rompre la cha\u00eene du froid. Nous assurons ainsi la conservation de leur qualit\u00e9 et le respect de toutes les r\u00e9glementations relatives \u00e0 la sant\u00e9. Le plus important pour nous est de garantir votre s\u00e9curit\u00e9 et votre sant\u00e9!<\/span><\/p>\n<p>[\/vc_column_text][\/vc_column_inner][\/vc_row_inner][vc_row_inner][vc_column_inner width=\u00a0\u00bb5\/6&Prime;][vc_empty_space][vc_separator transparency=\u00a0\u00bb1&Prime; up=\u00a0\u00bb30px\u00a0\u00bb down=\u00a0\u00bb15px\u00a0\u00bb][vc_empty_space height=\u00a0\u00bb15px\u00a0\u00bb][\/vc_column_inner][\/vc_row_inner][vc_row_inner css=\u00a0\u00bb.vc_custom_1422901024587{margin-top: 15px !important;margin-bottom: 30px !important;}\u00a0\u00bb][vc_column_inner width=\u00a0\u00bb1\/4&Prime;][vc_single_image image=\u00a0\u00bb16559&Prime; img_size=\u00a0\u00bb160&#215;160&Prime; alignment=\u00a0\u00bbcenter\u00a0\u00bb qode_css_animation=\u00a0\u00bbelement_from_fade\u00a0\u00bb transition_delay=\u00a0\u00bb0.2&Prime; css=\u00a0\u00bb.vc_custom_1423191374381{margin-bottom: 60px !important;}\u00a0\u00bb][\/vc_column_inner][vc_column_inner width=\u00a0\u00bb7\/12&Prime; css=\u00a0\u00bb.vc_custom_1423150156665{margin-right: 20px !important;}\u00a0\u00bb][vc_column_text]<\/p>\n<h1><span style=\"color: #663300; font-size: 50px;\">LE CHOCOLAT!<\/span><\/h1>\n<p><span style=\"color: #cc9966; font-size: 21px; line-height: 26px;\">Du vrai chocolat ! Nous aimons travailler comme \u00e7a, \u00e0 partir de produits de qualit\u00e9 et bien savoureux.<\/span><\/p>\n<p><span style=\"color: #cc9966; font-size: 21px; line-height: 26px;\">Nos produits sont \u00e9labor\u00e9s avec du chocolat ayant une teneur en cacao de plus de 40%.<\/span><\/p>\n<p><span style=\"color: #cc9966; font-size: 21px; line-height: 26px;\">Le chocolat nous apporte non seulement un go\u00fbt unique, il est aussi b\u00e9n\u00e9fique pour notre organisme. Il stimule la r\u00e9gulation du cholest\u00e9rol et la r\u00e9duction de la pression art\u00e9rielle gr\u00e2ce \u00e0 son contenu en polyph\u00e9nols antioxydants.<\/span><\/p>\n<p><span style=\"color: #cc9966; font-size: 21px; line-height: 26px;\">Cet ingr\u00e9dient d\u00e9licieux agit tr\u00e8s favorablement sur notre sant\u00e9 et en plus il a un go\u00fbt irr\u00e9sistible!<\/span><\/p>\n<p>[\/vc_column_text][\/vc_column_inner][\/vc_row_inner][vc_row_inner][vc_column_inner width=\u00a0\u00bb5\/6&Prime;][vc_empty_space][vc_separator transparency=\u00a0\u00bb1&Prime; up=\u00a0\u00bb30px\u00a0\u00bb down=\u00a0\u00bb15px\u00a0\u00bb][vc_empty_space height=\u00a0\u00bb15px\u00a0\u00bb][\/vc_column_inner][\/vc_row_inner][vc_row_inner css=\u00a0\u00bb.vc_custom_1422901024587{margin-top: 15px !important;margin-bottom: 30px !important;}\u00a0\u00bb][vc_column_inner width=\u00a0\u00bb1\/4&Prime;][vc_single_image image=\u00a0\u00bb16560&Prime; img_size=\u00a0\u00bb160&#215;160&Prime; alignment=\u00a0\u00bbcenter\u00a0\u00bb qode_css_animation=\u00a0\u00bbelement_from_fade\u00a0\u00bb transition_delay=\u00a0\u00bb0.2&Prime; css=\u00a0\u00bb.vc_custom_1423191391508{margin-bottom: 60px !important;}\u00a0\u00bb][\/vc_column_inner][vc_column_inner width=\u00a0\u00bb7\/12&Prime; css=\u00a0\u00bb.vc_custom_1423150162374{margin-right: 20px !important;}\u00a0\u00bb][vc_column_text]<\/p>\n<h1><span style=\"color: #663300; font-size: 50px;\">DE VRAIS FRUITS<\/span><\/h1>\n<p><span style=\"color: #cc9966; font-size: 21px; line-height: 26px;\">Nos produits contiennent des fruits s\u00e9lectionn\u00e9s soigneusement de concert avec nos fournisseurs afin d\u2019assurer leur qualit\u00e9 et leur dimensions parfaites. Tout cela, en respectant les stricts contr\u00f4les de qualit\u00e9 et de tra\u00e7abilit\u00e9.<\/span><\/p>\n<p><span style=\"color: #cc9966; font-size: 21px; line-height: 26px;\">Nous travaillons avec des fruits naturels et confits selon la vari\u00e9t\u00e9 pour obtenir le meilleur go\u00fbt et texture, juste pour vous ! Pour que nos cakes soient d\u00e9licieux et naturels aussi!<\/span><\/p>\n<p>[\/vc_column_text][\/vc_column_inner][\/vc_row_inner][vc_row_inner][vc_column_inner][vc_empty_space height=\u00a0\u00bb60px\u00a0\u00bb][\/vc_column_inner][\/vc_row_inner][\/vc_column][\/vc_row][vc_row row_type=\u00a0\u00bbparallax\u00a0\u00bb text_align=\u00a0\u00bbcenter\u00a0\u00bb background_image=\u00a0\u00bb16650&Prime;][vc_column offset=\u00a0\u00bbvc_col-lg-offset-1 vc_col-lg-10 vc_col-xs-12&Prime;][vc_empty_space height=\u00a0\u00bb55px\u00a0\u00bb][vc_column_text]<\/p>\n<h1><span style=\"color: #ffffff; font-size: 50px;\">COLLABORATEURS<\/span><\/h1>\n<p><span style=\"color: #ffffff; font-size: 21px; line-height: 26px;\"><br \/>\nNous pr\u00e9f\u00e9rons parler de collaborateurs plut\u00f4t que de fournisseurs, parce que nous avons toujours travaill\u00e9 main dans la main avec eux, afin que nos cakes soient pr\u00e9sents dans tous les foyers et que vous puissiez jouir de cette exp\u00e9rience savoureuse, toujours avec la meilleure qualit\u00e9!<br \/>\n<\/span><\/p>\n<p><span style=\"color: #ffffff; font-size: 21px; line-height: 26px;\">Notre relation avec nos collaborateurs se base sur le travail bien fait et sur la recherche conjointe de l\u2019am\u00e9lioration continue.<\/span><\/p>\n<p>[\/vc_column_text][vc_empty_space height=\u00a0\u00bb55px\u00a0\u00bb][\/vc_column][\/vc_row]<\/p>\n<\/div>","protected":false},"excerpt":{"rendered":"<p>[vc_row text_align=\u00a0\u00bbcenter\u00a0\u00bb background_image=\u00a0\u00bb16581&Prime;][vc_column][vc_empty_space height=\u00a0\u00bb90px\u00a0\u00bb][vc_empty_space height=\u00a0\u00bb35px\u00a0\u00bb][vc_column_text] QUALIT\u00c9 [\/vc_column_text][vc_empty_space height=\u00a0\u00bb60px\u00a0\u00bb][\/vc_column][\/vc_row][vc_row][vc_column][vc_empty_space height=\u00a0\u00bb80px\u00a0\u00bb][\/vc_column][\/vc_row][vc_row][vc_column offset=\u00a0\u00bbvc_col-xs-offset-1 vc_col-xs-10&Prime;][vc_row_inner css=\u00a0\u00bb.vc_custom_1422900972529{margin-bottom: 30px !important;}\u00a0\u00bb][vc_column_inner width=\u00a0\u00bb1\/4&Prime;][vc_single_image image=\u00a0\u00bb17098&Prime; img_size=\u00a0\u00bb150&#215;89&Prime; alignment=\u00a0\u00bbcenter\u00a0\u00bb qode_css_animation=\u00a0\u00bbelement_from_fade\u00a0\u00bb transition_delay=\u00a0\u00bb0.2&Prime; css=\u00a0\u00bb.vc_custom_1675768580345{margin-bottom: 60px !important;}\u00a0\u00bb][\/vc_column_inner][vc_column_inner width=\u00a0\u00bb7\/12&Prime; css=\u00a0\u00bb.vc_custom_1423150114023{margin-right: 20px !important;}\u00a0\u00bb][vc_column_text] IFS Chez Ballar\u00e0, nous sommes fermement engag\u00e9s \u00e0 offrir la meilleure qualit\u00e9. Le suivi de chacune des phases&#8230;<\/p>\n","protected":false},"author":1,"featured_media":0,"parent":0,"menu_order":0,"comment_status":"open","ping_status":"closed","template":"full_width.php","meta":{"footnotes":""},"class_list":["post-16394","page","type-page","status-publish","hentry"],"_links":{"self":[{"href":"https:\/\/www.ballara.es\/fr\/wp-json\/wp\/v2\/pages\/16394","targetHints":{"allow":["GET"]}}],"collection":[{"href":"https:\/\/www.ballara.es\/fr\/wp-json\/wp\/v2\/pages"}],"about":[{"href":"https:\/\/www.ballara.es\/fr\/wp-json\/wp\/v2\/types\/page"}],"author":[{"embeddable":true,"href":"https:\/\/www.ballara.es\/fr\/wp-json\/wp\/v2\/users\/1"}],"replies":[{"embeddable":true,"href":"https:\/\/www.ballara.es\/fr\/wp-json\/wp\/v2\/comments?post=16394"}],"version-history":[{"count":78,"href":"https:\/\/www.ballara.es\/fr\/wp-json\/wp\/v2\/pages\/16394\/revisions"}],"predecessor-version":[{"id":17110,"href":"https:\/\/www.ballara.es\/fr\/wp-json\/wp\/v2\/pages\/16394\/revisions\/17110"}],"wp:attachment":[{"href":"https:\/\/www.ballara.es\/fr\/wp-json\/wp\/v2\/media?parent=16394"}],"curies":[{"name":"wp","href":"https:\/\/api.w.org\/{rel}","templated":true}]}}