{"id":16321,"date":"2015-01-31T17:30:32","date_gmt":"2015-01-31T16:30:32","guid":{"rendered":"http:\/\/www.ballara.es\/?page_id=16321"},"modified":"2022-04-19T15:33:10","modified_gmt":"2022-04-19T14:33:10","slug":"brand","status":"publish","type":"page","link":"https:\/\/www.ballara.es\/fr\/la-marque\/","title":{"rendered":"La Marque"},"content":{"rendered":"<div class=\"wpb-content-wrapper\"><p>[vc_row row_type=\u00a0\u00bbrow\u00a0\u00bb use_row_as_full_screen_section=\u00a0\u00bbno\u00a0\u00bb type=\u00a0\u00bbfull_width\u00a0\u00bb text_align=\u00a0\u00bbcenter\u00a0\u00bb background_image=\u00a0\u00bb16576&Prime; background_image_as_pattern=\u00a0\u00bbwithout_pattern\u00a0\u00bb parallax_speed=\u00a0\u00bb0.2&Prime;][vc_column width=\u00a0\u00bb1\/1&Prime; font_color=\u00a0\u00bb#ffffff\u00a0\u00bb][vc_empty_space height=\u00a0\u00bb90px\u00a0\u00bb][vc_empty_space height=\u00a0\u00bb35px\u00a0\u00bb][vc_column_text]<\/p>\n<h1 style=\"color: #fff; font-size: 70px;\">LA MARQUE<\/h1>\n<p>[\/vc_column_text][vc_empty_space height=\u00a0\u00bb60px\u00a0\u00bb][\/vc_column][\/vc_row][vc_row row_type=\u00a0\u00bbparallax\u00a0\u00bb use_row_as_full_screen_section=\u00a0\u00bbno\u00a0\u00bb type=\u00a0\u00bbfull_width\u00a0\u00bb text_align=\u00a0\u00bbcenter\u00a0\u00bb background_image=\u00a0\u00bb16333&Prime; background_image_as_pattern=\u00a0\u00bbwithout_pattern\u00a0\u00bb][vc_column width=\u00a0\u00bb1\/1&Prime; font_color=\u00a0\u00bb#ffffff\u00a0\u00bb offset=\u00a0\u00bbvc_col-lg-offset-2 vc_col-lg-8 vc_col-md-offset-2 vc_col-md-8 vc_col-xs-offset-1 vc_col-xs-10&Prime;][vc_empty_space height=\u00a0\u00bb250px\u00a0\u00bb][vc_column_text]<\/p>\n<h1 style=\"color: #fff; font-size: 50px;\">HISTOIRE<\/h1>\n<p><span style=\"color: #ffffff; font-size: 21px; line-height: 26px;\">Depuis l\u2019an 1919 nous travaillons pour faire ce que nous faisons le mieux, une p\u00e2tisserie de qualit\u00e9. L\u2019effort, l\u2019illusion et le d\u00e9vouement constants est notre engagement au quotidien.<\/span><\/p>\n<p>[\/vc_column_text][vc_empty_space height=\u00a0\u00bb250px\u00a0\u00bb][\/vc_column][\/vc_row][vc_row row_type=\u00a0\u00bbparallax\u00a0\u00bb use_row_as_full_screen_section=\u00a0\u00bbno\u00a0\u00bb type=\u00a0\u00bbfull_width\u00a0\u00bb text_align=\u00a0\u00bbcenter\u00a0\u00bb background_image=\u00a0\u00bb16335&Prime; background_image_as_pattern=\u00a0\u00bbwithout_pattern\u00a0\u00bb][vc_column width=\u00a0\u00bb1\/1&Prime; font_color=\u00a0\u00bb#ffffff\u00a0\u00bb offset=\u00a0\u00bbvc_col-lg-offset-2 vc_col-lg-8 vc_col-md-offset-2 vc_col-md-8 vc_col-xs-offset-1 vc_col-xs-10&Prime;][vc_empty_space height=\u00a0\u00bb250px\u00a0\u00bb][vc_column_text]<\/p>\n<h1 style=\"color: #fff; font-size: 50px;\">DURABILIT\u00c9<\/h1>\n<p><span style=\"color: #ffffff; font-size: 21px; line-height: 26px;\">Notre responsabilit\u00e9 en mati\u00e8re de durabilit\u00e9 et de sensibilit\u00e9 \u00e0 l\u2019environnement nous a pouss\u00e9s \u00e0 d\u00e9velopper, entre autres, des actions pour compenser nos \u00e9missions de carbone.<\/span><\/p>\n<p>[\/vc_column_text][vc_empty_space height=\u00a0\u00bb250px\u00a0\u00bb][\/vc_column][\/vc_row][vc_row row_type=\u00a0\u00bbparallax\u00a0\u00bb use_row_as_full_screen_section=\u00a0\u00bbno\u00a0\u00bb type=\u00a0\u00bbfull_width\u00a0\u00bb text_align=\u00a0\u00bbcenter\u00a0\u00bb background_image=\u00a0\u00bb16339&Prime; background_image_as_pattern=\u00a0\u00bbwithout_pattern\u00a0\u00bb][vc_column width=\u00a0\u00bb1\/1&Prime; font_color=\u00a0\u00bb#ffffff\u00a0\u00bb offset=\u00a0\u00bbvc_col-lg-offset-2 vc_col-lg-8 vc_col-md-offset-2 vc_col-md-8 vc_col-xs-offset-1 vc_col-xs-10&Prime;][vc_empty_space height=\u00a0\u00bb250px\u00a0\u00bb][vc_column_text]<\/p>\n<h1 style=\"color: #fff; font-size: 50px;\">TRADITION<\/h1>\n<p><span style=\"color: #ffffff; font-size: 21px; line-height: 26px;\">Parce que nous sommes experts dans notre mati\u00e8re et nous venons d\u2019une longue tradition familiale, nous savons que le travail et l\u2019effort de tous les jours est le seul chemin pour obtenir les meilleurs r\u00e9sultats. Notre objectif est celui d\u2019offrir des produits capables d\u2019\u00e9mouvoir et d\u2019adoucir le quotidien de nos consommateurs.<\/span><\/p>\n<p>[\/vc_column_text][vc_empty_space height=\u00a0\u00bb250px\u00a0\u00bb][\/vc_column][\/vc_row][vc_row row_type=\u00a0\u00bbparallax\u00a0\u00bb use_row_as_full_screen_section=\u00a0\u00bbno\u00a0\u00bb type=\u00a0\u00bbfull_width\u00a0\u00bb text_align=\u00a0\u00bbcenter\u00a0\u00bb background_image=\u00a0\u00bb16341&Prime; background_image_as_pattern=\u00a0\u00bbwithout_pattern\u00a0\u00bb][vc_column width=\u00a0\u00bb1\/1&Prime; font_color=\u00a0\u00bb#ffffff\u00a0\u00bb offset=\u00a0\u00bbvc_col-lg-offset-2 vc_col-lg-8 vc_col-md-offset-2 vc_col-md-8 vc_col-xs-offset-1 vc_col-xs-10&Prime;][vc_empty_space height=\u00a0\u00bb250px\u00a0\u00bb][vc_column_text]<\/p>\n<h1 style=\"color: #fff; font-size: 50px;\">EXIGENCE<\/h1>\n<p><span style=\"color: #ffffff; font-size: 21px; line-height: 26px;\">Nous travaillons avec les standards de qualit\u00e9 les plus exigeants au niveau international. Pour cela, nous s\u00e9lectionnons soigneusement nos fournisseurs et les meilleures mati\u00e8res premi\u00e8res au quotidien.<\/span><\/p>\n<p>[\/vc_column_text][vc_empty_space height=\u00a0\u00bb250px\u00a0\u00bb][\/vc_column][\/vc_row]<\/p>\n<\/div>","protected":false},"excerpt":{"rendered":"<p>[vc_row row_type=\u00a0\u00bbrow\u00a0\u00bb use_row_as_full_screen_section=\u00a0\u00bbno\u00a0\u00bb type=\u00a0\u00bbfull_width\u00a0\u00bb text_align=\u00a0\u00bbcenter\u00a0\u00bb background_image=\u00a0\u00bb16576&Prime; background_image_as_pattern=\u00a0\u00bbwithout_pattern\u00a0\u00bb parallax_speed=\u00a0\u00bb0.2&Prime;][vc_column width=\u00a0\u00bb1\/1&Prime; font_color=\u00a0\u00bb#ffffff\u00a0\u00bb][vc_empty_space height=\u00a0\u00bb90px\u00a0\u00bb][vc_empty_space height=\u00a0\u00bb35px\u00a0\u00bb][vc_column_text] LA MARQUE [\/vc_column_text][vc_empty_space height=\u00a0\u00bb60px\u00a0\u00bb][\/vc_column][\/vc_row][vc_row row_type=\u00a0\u00bbparallax\u00a0\u00bb use_row_as_full_screen_section=\u00a0\u00bbno\u00a0\u00bb type=\u00a0\u00bbfull_width\u00a0\u00bb text_align=\u00a0\u00bbcenter\u00a0\u00bb background_image=\u00a0\u00bb16333&Prime; background_image_as_pattern=\u00a0\u00bbwithout_pattern\u00a0\u00bb][vc_column width=\u00a0\u00bb1\/1&Prime; font_color=\u00a0\u00bb#ffffff\u00a0\u00bb offset=\u00a0\u00bbvc_col-lg-offset-2 vc_col-lg-8 vc_col-md-offset-2 vc_col-md-8 vc_col-xs-offset-1 vc_col-xs-10&Prime;][vc_empty_space height=\u00a0\u00bb250px\u00a0\u00bb][vc_column_text] HISTOIRE Depuis l\u2019an 1919 nous travaillons pour faire ce que nous faisons le mieux,&#8230;<\/p>\n","protected":false},"author":1,"featured_media":0,"parent":0,"menu_order":0,"comment_status":"open","ping_status":"closed","template":"full_width.php","meta":{"footnotes":""},"class_list":["post-16321","page","type-page","status-publish","hentry"],"_links":{"self":[{"href":"https:\/\/www.ballara.es\/fr\/wp-json\/wp\/v2\/pages\/16321","targetHints":{"allow":["GET"]}}],"collection":[{"href":"https:\/\/www.ballara.es\/fr\/wp-json\/wp\/v2\/pages"}],"about":[{"href":"https:\/\/www.ballara.es\/fr\/wp-json\/wp\/v2\/types\/page"}],"author":[{"embeddable":true,"href":"https:\/\/www.ballara.es\/fr\/wp-json\/wp\/v2\/users\/1"}],"replies":[{"embeddable":true,"href":"https:\/\/www.ballara.es\/fr\/wp-json\/wp\/v2\/comments?post=16321"}],"version-history":[{"count":45,"href":"https:\/\/www.ballara.es\/fr\/wp-json\/wp\/v2\/pages\/16321\/revisions"}],"predecessor-version":[{"id":17037,"href":"https:\/\/www.ballara.es\/fr\/wp-json\/wp\/v2\/pages\/16321\/revisions\/17037"}],"wp:attachment":[{"href":"https:\/\/www.ballara.es\/fr\/wp-json\/wp\/v2\/media?parent=16321"}],"curies":[{"name":"wp","href":"https:\/\/api.w.org\/{rel}","templated":true}]}}