{"id":17144,"date":"2024-05-17T09:47:39","date_gmt":"2024-05-17T08:47:39","guid":{"rendered":"https:\/\/www.ballara.es\/?page_id=17144"},"modified":"2024-05-17T12:33:28","modified_gmt":"2024-05-17T11:33:28","slug":"privacidad-de-datos","status":"publish","type":"page","link":"https:\/\/www.ballara.es\/ca\/politica-de-privacitat\/","title":{"rendered":"Privacitat de dades"},"content":{"rendered":"<div class=\"wpb-content-wrapper\"><p>[vc_row][vc_column][vc_empty_space height=&#8221;60px&#8221;][\/vc_column][\/vc_row][vc_row][vc_column][vc_column_text]<\/p>\n<h1><strong>Pol\u00edtica de privacitat<\/strong><\/h1>\n<p>En BALLARA SL ens preocupem per la privacitat i la transpar\u00e8ncia.<br \/>\nA continuaci\u00f3 li indiquem en detall els tractaments de dades personals que realitzem aix\u00ed com tota la informaci\u00f3 relativa als mateixos.<\/p>\n<p><b>Qui \u00e9s el responsable del tractament de les seves dades?<\/b><br \/>\nBALLARA SL<br \/>\nB08665002<br \/>\nPol. Ind. Can Prat Parcel\u00b7la 1 Av Sant Mart\u00ed n\u00ba 10 &#8211; 08692 &#8211; PUIG-REIG &#8211; BARCELONA<br \/>\n<a href=\"mailto:ballara@ballara.es\">ballara@ballara.es<\/a><\/p>\n<p><b>Quins s\u00f3n els seus drets quan ens facilita les seves dades?<\/b><br \/>\nQualsevol persona t\u00e9 dret a obtenir confirmaci\u00f3 sobre si a BALLARA SL estem tractant o no dades personals que els concerneixin.<br \/>\nLes persones interessades tenen dret a accedir a les seves dades personals aix\u00ed com a sol\u00b7licitar la rectificaci\u00f3 de les dades inexactes o en el seu cas sol\u00b7licitar la seva supressi\u00f3 quan entre altres motius les dades ja no siguin necess\u00e0ries per als fins que van ser recollides. Igualment t\u00e9 dret a la portabilitat de les seves dades.<br \/>\nEn determinades circumst\u00e0ncies els interessats podran sol\u00b7licitar la limitaci\u00f3 del tractament de les seves dades en el qual cas \u00fanicament les conservarem per a l&#8217;exercici o la defensa de reclamacions.<br \/>\nEn determinades circumst\u00e0ncies i per motius relacionats amb la seva situaci\u00f3 particular els interessats podran oposar-se al tractament de les seves dades. En aquest cas BALLARA SL deixar\u00e0 de tractar les dades llevat per motius leg\u00edtims imperiosos o l&#8217;exercici o la defensa de possibles reclamacions.<br \/>\nPodr\u00e0 exercir materialment els seus drets de la seg\u00fcent forma: dirigint-se a <a href=\"mailto:ballara@ballara.es\">ballara@ballara.es<\/a> o Pol. Ind. Can Prat Parcel\u00b7la 1. Av Sant Mart\u00ed 10 08692 Puig-Reig Barcelona.<br \/>\nQuan es realitzi l&#8217;enviament de comunicacions comercials utilitzant com a base jur\u00eddica l&#8217;inter\u00e8s leg\u00edtim del responsable l&#8217;interessat podr\u00e0 oposar-se al tractament de les seves dades amb aquest fi.<br \/>\nSi ha atorgat el seu consentiment per a alguna finalitat concreta t\u00e9 dret a retirar el consentiment atorgat en qualsevol moment sense que aix\u00f2 afecti a la licitud del tractament basat en el consentiment previ a la seva retirada.<br \/>\nEn cas que se senti vulnerat els seus drets pel que fa a la protecci\u00f3 de les seves dades personals especialment quan no hagi obtingut satisfacci\u00f3 en l&#8217;exercici dels seus drets pot presentar una reclamaci\u00f3 davant l&#8217;Autoritat de Control en mat\u00e8ria de Protecci\u00f3 de Dades competent a trav\u00e9s del seu lloc web: <a href=\"https:\/\/www.aepd.es\">www.aepd.es<\/a>.<\/p>\n<p><b>1. Tractament de les dades dels contactes web<\/b><br \/>\n<b>Amb quina finalitat tractem les seves dades personals?<\/b><br \/>\nA BALLARA SL tractem la informaci\u00f3 que ens faciliten les persones interessades amb la finalitat d&#8217;atendre la seva sol\u00b7licitud i enviar-li comunicacions promocionals. En el cas que no faciliti les seves dades personals no podrem complir amb les finalitats descrites. No es prendran decisions automatitzades en base a les dades proporcionades.<br \/>\n<b>Per quant temps conservarem les seves dades?<\/b><br \/>\nLes dades es conservaran mentre l&#8217;interessat no sol\u00b7liciti la seva supressi\u00f3.<br \/>\n<b>Quina \u00e9s la legitimaci\u00f3 per al tractament de les seves dades?<\/b><br \/>\nLi indiquem la base legal per al tractament de les seves dades:<br \/>\nExecuci\u00f3 d&#8217;un contracte: Atendre la seva sol\u00b7licitud.<br \/>\nConsentiment de l&#8217;interessat: Enviar comunicacions promocionals inclusive per via electr\u00f2nica.<br \/>\n<b>A quins destinataris es comunicaran les seves dades?<\/b><br \/>\nNo es cediran dades a tercers llevat obligaci\u00f3 legal.<br \/>\n<b>Transfer\u00e8ncies de dades a tercers pa\u00efsos<\/b><br \/>\nNo estan previstes transfer\u00e8ncies de dades a tercers pa\u00efsos.<br \/>\n<b>Com hem obtingut les seves dades?<\/b><br \/>\nLes dades personals que tractem a BALLARA SL procedeixen de: El propi interessat.<\/p>\n<p><b>2. Tractament de les dades del correu electr\u00f2nic<\/b><br \/>\n<b>Amb quina finalitat tractem les seves dades personals?<\/b><br \/>\nA BALLARA SL tractem la informaci\u00f3 que ens faciliten les persones interessades amb la finalitat de prestar-li els serveis que ens ha sol\u00b7licitat atendre les seves sol\u00b7licituds d&#8217;informaci\u00f3 i enviar-li comunicacions promocionals. En el cas que no faciliti les seves dades personals no podrem complir amb les finalitats descrites. No es prendran decisions automatitzades en base a les dades proporcionades.<br \/>\n<b>Per quant temps conservarem les seves dades?<\/b><br \/>\nLes dades es conservaran mentre l&#8217;interessat no sol\u00b7liciti la seva supressi\u00f3.<br \/>\n<b>Quina \u00e9s la legitimaci\u00f3 per al tractament de les seves dades?<\/b><br \/>\nLi indiquem la base legal per al tractament de les seves dades:<br \/>\nExecuci\u00f3 d&#8217;un contracte: Atendre la seva sol\u00b7licitud.<br \/>\nConsentiment de l&#8217;interessat: Enviament de comunicacions promocionals.<br \/>\nInter\u00e8s leg\u00edtim del Responsable: Contacte i enviament de comunicacions promocionals en base a l&#8217;inter\u00e8s demostrat.<br \/>\n<b>A quins destinataris es comunicaran les seves dades?<\/b><br \/>\nNo es cediran dades a tercers llevat obligaci\u00f3 legal.<br \/>\n<b>Transfer\u00e8ncies de dades a tercers pa\u00efsos<\/b><br \/>\nNo estan previstes transfer\u00e8ncies de dades a tercers pa\u00efsos.<br \/>\n<b>Com hem obtingut les seves dades?<\/b><br \/>\nLes dades personals que tractem a BALLARA SL procedeixen de: El propi interessat.<\/p>\n<p><b>3. Tractament de les dades d&#8217;alta clients<\/b><br \/>\n<b>Amb quina finalitat tractem les seves dades personals?<\/b><br \/>\nA BALLARA SL tractem la informaci\u00f3 que ens faciliten les persones interessades amb la finalitat de realitzar la gesti\u00f3 administrativa comptable i fiscal dels serveis sol\u00b7licitats aix\u00ed com enviar comunicacions promocionals sobre els nostres productes i serveis. En el cas que no faciliti les seves dades personals no podrem complir amb les finalitats descrites. No es prendran decisions automatitzades en base a les dades proporcionades.<br \/>\n<b>Per quant temps conservarem les seves dades?<\/b><br \/>\nLes dades es conservaran mentre l&#8217;interessat no sol\u00b7liciti la seva supressi\u00f3 i en el seu cas durant els anys necessaris per complir amb les obligacions legals.<br \/>\n<b>Quina \u00e9s la legitimaci\u00f3 per al tractament de les seves dades?<\/b><br \/>\nLi indiquem la base legal per al tractament de les seves dades:<br \/>\nExecuci\u00f3 d&#8217;un contracte: Gesti\u00f3 fiscal comptable i administrativa de clients.<br \/>\nConsentiment de l&#8217;interessat: Enviament de comunicacions promocionals fins i tot per via electr\u00f2nica.<br \/>\n<b>A quins destinataris es comunicaran les seves dades?<\/b><br \/>\nLes dades es comunicaran als seg\u00fcents destinataris:<br \/>\nAdministraci\u00f3 Tribut\u00e0ria amb la finalitat de complir amb les obligacions legals (requisit legal).<br \/>\nEntitats financeres amb la finalitat de girar els rebuts corresponents (requisit contractual).<br \/>\n<b>Transfer\u00e8ncies de dades a tercers pa\u00efsos<\/b><br \/>\nNo estan previstes transfer\u00e8ncies de dades a tercers pa\u00efsos.<br \/>\n<b>Com hem obtingut les seves dades?<\/b><br \/>\nLes dades personals que tractem a BALLARA SL procedeixen de: El propi interessat.<\/p>\n<p>[\/vc_column_text][\/vc_column][\/vc_row][vc_row][vc_column][vc_empty_space][\/vc_column][\/vc_row]<\/p>\n<\/div>","protected":false},"excerpt":{"rendered":"<p>[vc_row][vc_column][vc_empty_space height=&#8221;60px&#8221;][\/vc_column][\/vc_row][vc_row][vc_column][vc_column_text] Pol\u00edtica de privacitat En BALLARA SL ens preocupem per la privacitat i la transpar\u00e8ncia. A continuaci\u00f3 li indiquem en detall els tractaments de dades personals que realitzem aix\u00ed com tota la informaci\u00f3 relativa als mateixos. Qui \u00e9s el responsable del tractament de les&#8230;<\/p>\n","protected":false},"author":1,"featured_media":0,"parent":0,"menu_order":0,"comment_status":"closed","ping_status":"closed","template":"","meta":{"footnotes":""},"class_list":["post-17144","page","type-page","status-publish","hentry"],"_links":{"self":[{"href":"https:\/\/www.ballara.es\/ca\/wp-json\/wp\/v2\/pages\/17144","targetHints":{"allow":["GET"]}}],"collection":[{"href":"https:\/\/www.ballara.es\/ca\/wp-json\/wp\/v2\/pages"}],"about":[{"href":"https:\/\/www.ballara.es\/ca\/wp-json\/wp\/v2\/types\/page"}],"author":[{"embeddable":true,"href":"https:\/\/www.ballara.es\/ca\/wp-json\/wp\/v2\/users\/1"}],"replies":[{"embeddable":true,"href":"https:\/\/www.ballara.es\/ca\/wp-json\/wp\/v2\/comments?post=17144"}],"version-history":[{"count":6,"href":"https:\/\/www.ballara.es\/ca\/wp-json\/wp\/v2\/pages\/17144\/revisions"}],"predecessor-version":[{"id":17161,"href":"https:\/\/www.ballara.es\/ca\/wp-json\/wp\/v2\/pages\/17144\/revisions\/17161"}],"wp:attachment":[{"href":"https:\/\/www.ballara.es\/ca\/wp-json\/wp\/v2\/media?parent=17144"}],"curies":[{"name":"wp","href":"https:\/\/api.w.org\/{rel}","templated":true}]}}