{"id":16928,"date":"2015-03-16T15:41:24","date_gmt":"2015-03-16T14:41:24","guid":{"rendered":"http:\/\/www.ballara.es\/?page_id=16928"},"modified":"2024-05-17T12:33:48","modified_gmt":"2024-05-17T11:33:48","slug":"legal-warning","status":"publish","type":"page","link":"https:\/\/www.ballara.es\/ca\/avis-legal\/","title":{"rendered":"Av\u00eds legal"},"content":{"rendered":"<div class=\"wpb-content-wrapper\"><p>[vc_row][vc_column][vc_empty_space height=&#8221;60px&#8221;][\/vc_column][\/vc_row][vc_row][vc_column][vc_column_text]<\/p>\n<h1><strong>Av\u00eds Legal<\/strong><\/h1>\n<p>1. <b>OBJECTE<\/b><br \/>\nEl present av\u00eds legal regula l&#8217;\u00fas i utilitzaci\u00f3 del lloc web <a href=\"https:\/\/www.ballara.es\"><b>ballara.es<\/b><\/a>, del qual \u00e9s titular BALLARA SL (en endavant, EL PROPIETARI DE LA WEB).<br \/>\nLa navegaci\u00f3 pel lloc web d&#8217;EL PROPIETARI DE LA WEB li atribueix la condici\u00f3 d&#8217;USUARI del mateix i comporta la seva acceptaci\u00f3 plena i sense reserves de totes i cadascuna de les condicions publicades en aquest av\u00eds legal, advertint que aquestes condicions podran ser modificades sense notificaci\u00f3 pr\u00e8via per part d&#8217;EL PROPIETARI DE LA WEB, en aquest cas es procedir\u00e0 a la seva publicaci\u00f3 i av\u00eds amb la m\u00e0xima antelaci\u00f3 possible.<br \/>\nPer aix\u00f2 \u00e9s recomanable llegir atentament el seu contingut en cas de desitjar accedir i fer \u00fas de la informaci\u00f3 i dels serveis oferts des d&#8217;aquest lloc web.<br \/>\nL&#8217;usuari, a m\u00e9s, es compromet a fer un \u00fas correcte del lloc web de conformitat amb les lleis, la bona fe, l&#8217;ordre p\u00fablic, els usos del tr\u00e0fic i el present Av\u00eds Legal, i respondr\u00e0 davant d&#8217;EL PROPIETARI DE LA WEB o davant de tercers, de qualsevols danys i perjudicis que es puguin causar com a conseq\u00fc\u00e8ncia de l&#8217;incompliment d&#8217;aquesta obligaci\u00f3.<br \/>\nQualsevol utilitzaci\u00f3 diferent de l&#8217;autoritzada est\u00e0 expressament prohibida, podent EL PROPIETARI DE LA WEB denegar o retirar l&#8217;acc\u00e9s i el seu \u00fas en qualsevol moment.<\/p>\n<p>2. <b>IDENTIFICACI\u00d3<\/b><br \/>\nEL PROPIETARI DE LA WEB, en compliment de la Llei 34\/2002, de l&#8217;11 de juliol, de Serveis de la Societat de la Informaci\u00f3 i de Comer\u00e7 Electr\u00f2nic, li informa que:<br \/>\n\u2022 La seva denominaci\u00f3 social \u00e9s: BALLARA SL<br \/>\n\u2022 El seu CIF \u00e9s: B08665002<br \/>\n\u2022 El seu domicili social est\u00e0 en: Pol. Ind. Can Prat, Parcel\u00b7la 1, Av Sant Mart\u00ed n\u00ba 10 &#8211; 08692 &#8211; PUIG-REIG &#8211; BARCELONA<br \/>\n\u2022 Inscrita al Registre Mercantil de Barcelona, tom 23.715, foli 195, full B-60428.<\/p>\n<p>3. <b>COMUNICACIONS<\/b><br \/>\nPer comunicar-se amb nosaltres, posem a la seva disposici\u00f3 diferents mitjans de contacte que detallem a continuaci\u00f3:<br \/>\n\u2022 Email: <a href=\"mailto:ballara@ballara.es\">ballara@ballara.es<\/a><br \/>\nTotes les notificacions i comunicacions entre els usuaris i EL PROPIETARI DE LA WEB es consideraran eficaces, a tots els efectes, quan es realitzin a trav\u00e9s de qualsevol mitj\u00e0 dels detallats anteriorment.<\/p>\n<p>4. <b>CONDICIONS D&#8217;ACC\u00c9S I UTILITZACI\u00d3<\/b><br \/>\nEl lloc web i els seus serveis s\u00f3n d&#8217;acc\u00e9s lliure i gratu\u00eft. No obstant aix\u00f2, EL PROPIETARI DE LA WEB pot condicionar la utilitzaci\u00f3 d&#8217;alguns dels serveis oferts en la seva web a la pr\u00e8via complimentaci\u00f3 del corresponent formulari.<br \/>\nL&#8217;usuari garanteix l&#8217;autenticitat i actualitat de totes aquelles dades que comuniqui a EL PROPIETARI DE LA WEB i ser\u00e0 l&#8217;\u00fanic responsable de les manifestacions falses o inexactes que realitzi.<br \/>\nL&#8217;usuari es compromet expressament a fer un \u00fas adequat dels continguts i serveis d&#8217;EL PROPIETARI DE LA WEB i a no emprar-los per, entre altres:<br \/>\na) Difondre continguts delictius, violents, pornogr\u00e0fics, racistes, xen\u00f2fobs, ofensius, d&#8217;apologia del terrorisme o, en general, contraris a la llei o a l&#8217;ordre p\u00fablic.<br \/>\nb) Introduir a la xarxa virus inform\u00e0tics o realitzar actuacions susceptibles d&#8217;alterar, espatllar, interrompre o generar errors o danys en els documents electr\u00f2nics, dades o sistemes f\u00edsics i l\u00f2gics d&#8217;EL PROPIETARI DE LA WEB o de terceres persones; aix\u00ed com obstaculitzar l&#8217;acc\u00e9s d&#8217;altres usuaris al lloc web i als seus serveis mitjan\u00e7ant el consum massiu dels recursos inform\u00e0tics a trav\u00e9s dels quals EL PROPIETARI DE LA WEB presta els seus serveis.<br \/>\nc) Intentar accedir als comptes de correu electr\u00f2nic d&#8217;altres usuaris o a \u00e0rees restringides dels sistemes inform\u00e0tics d&#8217;EL PROPIETARI DE LA WEB o de tercers i, si s&#8217;escau, extreure informaci\u00f3.<br \/>\nd) Vulnerar els drets de propietat intel\u00b7lectual o industrial, aix\u00ed com violar la confidencialitat de la informaci\u00f3 d&#8217;EL PROPIETARI DE LA WEB o de tercers.<br \/>\ne) Suplantar la identitat de qualsevol altre usuari.<br \/>\nf) Reproduir, copiar, distribuir, posar a disposici\u00f3 de, o qualsevol altra forma de comunicaci\u00f3 p\u00fablica, transformar o modificar els continguts, a menys que es compti amb l&#8217;autoritzaci\u00f3 del titular dels corresponents drets o aix\u00f2 resulti legalment perm\u00e8s.<br \/>\ng) Recollir dades amb finalitat publicit\u00e0ria i d&#8217;enviar publicitat de qualsevol classe i comunicacions amb finalitats de venda o altres de naturalesa comercial sense que hi hagi la seva pr\u00e8via sol\u00b7licitud o consentiment.<br \/>\nTots els continguts del lloc web, com textos, fotografies, gr\u00e0fics, imatges, icones, tecnologia, programari, aix\u00ed com el seu disseny gr\u00e0fic i codis font, constitueixen una obra la propietat de la qual pertany a EL PROPIETARI DE LA WEB, sense que puguin entendre&#8217;s cedits a l&#8217;usuari cap dels drets d&#8217;explotaci\u00f3 sobre els mateixos m\u00e9s enll\u00e0 del estrictament necessari per al correcte \u00fas de la web.<br \/>\nEn definitiva, els usuaris que accedeixin a aquest lloc web poden visualitzar els continguts i efectuar, si s&#8217;escau, c\u00f2pies privades autoritzades sempre que els elements reprodu\u00efts no siguin cedits posteriorment a tercers, ni s&#8217;instal\u00b7lin a servidors connectats a xarxes, ni siguin objecte de cap tipus d&#8217;explotaci\u00f3.<br \/>\nAix\u00ed mateix, totes les marques, noms comercials o signes distintius de qualsevol classe que apareixen al lloc web s\u00f3n propietat d&#8217;EL PROPIETARI DE LA WEB, sense que pugui entendre&#8217;s que l&#8217;\u00fas o acc\u00e9s al mateix atribueix a l&#8217;usuari cap dret sobre els mateixos.<br \/>\nLa distribuci\u00f3, modificaci\u00f3, cessi\u00f3 o comunicaci\u00f3 p\u00fablica dels continguts i qualsevol altre acte que no hagi estat expressament autoritzat pel titular dels drets d&#8217;explotaci\u00f3 queden prohibits.<br \/>\nL&#8217;establiment d&#8217;un hiperenlla\u00e7 no implica en cap cas l&#8217;exist\u00e8ncia de relacions entre EL PROPIETARI DE LA WEB i el propietari del lloc web en el qual s&#8217;estableixi, ni l&#8217;acceptaci\u00f3 i aprovaci\u00f3 per part d&#8217;EL PROPIETARI DE LA WEB dels seus continguts o serveis.<br \/>\nEL PROPIETARI DE LA WEB no es responsabilitza de l&#8217;\u00fas que cada usuari li doni als materials posats a disposici\u00f3 en aquest lloc web ni de les actuacions que realitzi en base als mateixos.<\/p>\n<p>4.1. <b>EXCLUSI\u00d3 DE GARANTIES I DE RESPONSABILITAT EN L&#8217;ACC\u00c9S I LA UTILITZACI\u00d3<\/b><br \/>\nEl contingut del present lloc web \u00e9s de car\u00e0cter general i t\u00e9 una finalitat merament informativa, sense que es garanteixi plenament l&#8217;acc\u00e9s a tots els continguts, ni la seva exhaustivitat, correcci\u00f3, vig\u00e8ncia o actualitat, ni la seva idone\u00eftat o utilitat per a un objectiu espec\u00edfic.<br \/>\nEL PROPIETARI DE LA WEB exclou, fins on permet l&#8217;ordenament jur\u00eddic, qualsevol responsabilitat pels danys i perjudicis de tota naturalesa derivats de:<br \/>\na) La impossibilitat d&#8217;acc\u00e9s al lloc web o la falta de veracitat, exactitud, exhaustivitat i\/o actualitat dels continguts, aix\u00ed com l&#8217;exist\u00e8ncia de vicis i defectes de tota classe dels continguts transmesos, difosos, emmagatzemats, posats a disposici\u00f3, als quals s&#8217;hagi accedit a trav\u00e9s del lloc web o dels serveis que s&#8217;ofereixen.<br \/>\nb) La pres\u00e8ncia de virus o d&#8217;altres elements en els continguts que puguin produir alteracions en els sistemes inform\u00e0tics, documents electr\u00f2nics o dades dels usuaris.<br \/>\nc) L&#8217;incompliment de les lleis, la bona fe, l&#8217;ordre p\u00fablic, els usos del tr\u00e0fic i el present av\u00eds legal com a conseq\u00fc\u00e8ncia de l&#8217;\u00fas incorrecte del lloc web. En particular, i a manera exemplificativa, EL PROPIETARI DE LA WEB no es fa responsable de les actuacions de tercers que violin drets de propietat intel\u00b7lectual i industrial, secrets empresarials, drets a l&#8217;honor, a la intimitat personal i familiar i a la pr\u00f2pia imatge, aix\u00ed com la normativa en mat\u00e8ria de compet\u00e8ncia deslleial i publicitat il\u00b7l\u00edcita.<br \/>\nAix\u00ed mateix, EL PROPIETARI DE LA WEB declina qualsevol responsabilitat respecte a la informaci\u00f3 que es trobi fora d&#8217;aquest web i no sigui gestionada directament pel nostre webmaster. La funci\u00f3 dels enlla\u00e7os que apareixen en aquest web \u00e9s exclusivament la d&#8217;informar l&#8217;usuari sobre l&#8217;exist\u00e8ncia d&#8217;altres fonts susceptibles d&#8217;ampliar els continguts que ofereix aquest lloc web. EL PROPIETARI DE LA WEB no garanteix ni es responsabilitza del funcionament o accessibilitat dels llocs enlla\u00e7ats; ni suggereix, convida o recomana la visita als mateixos, per la qual cosa tampoc ser\u00e0 responsable del resultat obtingut. EL PROPIETARI DE LA WEB no es responsabilitza de l&#8217;establiment d&#8217;hipervincles per part de tercers.<\/p>\n<p>4.2. <b>PROCEDIMENT EN CAS DE REALITZACI\u00d3 D&#8217;ACTIVITATS DE CAR\u00c0CTER IL\u00b7L\u00cdCIT<\/b><br \/>\nEn el cas que qualsevol usuari o un tercer consideri que existeixen fets o circumst\u00e0ncies que revelen el car\u00e0cter il\u00b7l\u00edcit de la utilitzaci\u00f3 de qualsevol contingut i\/o de la realitzaci\u00f3 de qualsevol activitat a les p\u00e0gines web incloses o accessibles a trav\u00e9s del lloc web, haur\u00e0 d&#8217;enviar una notificaci\u00f3 a EL PROPIETARI DE LA WEB identificant-se degudament i especificant les suposades infraccions.<\/p>\n<p>4.3. <b>PUBLICACIONS<\/b><br \/>\nLa informaci\u00f3 administrativa facilitada a trav\u00e9s del lloc web no substitueix la publicitat legal de les lleis, normatives, plans, disposicions generals i actes que hagin de ser publicats formalment als diaris oficials de les administracions p\u00fabliques, que constitueixen l&#8217;\u00fanic instrument que d\u00f3na fe de la seva autenticitat i contingut. La informaci\u00f3 disponible en aquest lloc web s&#8217;ha d&#8217;entendre com una guia sense prop\u00f2sit de validesa legal.<\/p>\n<p>5. <b>LEGISLACI\u00d3 APLICABLE<\/b><br \/>\nLes condicions presents es regiran per la legislaci\u00f3 espanyola vigent.<br \/>\nLa llengua utilitzada ser\u00e0 el castell\u00e0.[\/vc_column_text][\/vc_column][\/vc_row][vc_row][vc_column][vc_empty_space][\/vc_column][\/vc_row]<\/p>\n<\/div>","protected":false},"excerpt":{"rendered":"<p>[vc_row][vc_column][vc_empty_space height=&#8221;60px&#8221;][\/vc_column][\/vc_row][vc_row][vc_column][vc_column_text] Av\u00eds Legal 1. OBJECTE El present av\u00eds legal regula l&#8217;\u00fas i utilitzaci\u00f3 del lloc web ballara.es, del qual \u00e9s titular BALLARA SL (en endavant, EL PROPIETARI DE LA WEB). La navegaci\u00f3 pel lloc web d&#8217;EL PROPIETARI DE LA WEB li atribueix la condici\u00f3&#8230;<\/p>\n","protected":false},"author":1,"featured_media":0,"parent":0,"menu_order":0,"comment_status":"closed","ping_status":"closed","template":"","meta":{"footnotes":""},"class_list":["post-16928","page","type-page","status-publish","hentry"],"_links":{"self":[{"href":"https:\/\/www.ballara.es\/ca\/wp-json\/wp\/v2\/pages\/16928","targetHints":{"allow":["GET"]}}],"collection":[{"href":"https:\/\/www.ballara.es\/ca\/wp-json\/wp\/v2\/pages"}],"about":[{"href":"https:\/\/www.ballara.es\/ca\/wp-json\/wp\/v2\/types\/page"}],"author":[{"embeddable":true,"href":"https:\/\/www.ballara.es\/ca\/wp-json\/wp\/v2\/users\/1"}],"replies":[{"embeddable":true,"href":"https:\/\/www.ballara.es\/ca\/wp-json\/wp\/v2\/comments?post=16928"}],"version-history":[{"count":19,"href":"https:\/\/www.ballara.es\/ca\/wp-json\/wp\/v2\/pages\/16928\/revisions"}],"predecessor-version":[{"id":17158,"href":"https:\/\/www.ballara.es\/ca\/wp-json\/wp\/v2\/pages\/16928\/revisions\/17158"}],"wp:attachment":[{"href":"https:\/\/www.ballara.es\/ca\/wp-json\/wp\/v2\/media?parent=16928"}],"curies":[{"name":"wp","href":"https:\/\/api.w.org\/{rel}","templated":true}]}}