{"id":16712,"date":"2015-02-06T20:07:24","date_gmt":"2015-02-06T19:07:24","guid":{"rendered":"http:\/\/www.ballara.es\/?page_id=16712"},"modified":"2022-04-20T08:23:51","modified_gmt":"2022-04-20T07:23:51","slug":"cake-and-lemon","status":"publish","type":"page","link":"https:\/\/www.ballara.es\/ca\/productes\/llimona\/","title":{"rendered":"Llimona"},"content":{"rendered":"<div class=\"wpb-content-wrapper\"><p>[vc_row][vc_column][vc_empty_space][\/vc_column][\/vc_row][vc_row css=&#8221;.vc_custom_1422727294413{margin-right: 50px !important;margin-left: 50px !important;}&#8221;][vc_column width=&#8221;1\/4&#8243;][vc_empty_space height=&#8221;15px&#8221;][vc_single_image image=&#8221;16713&#8243; img_size=&#8221;301&#215;168&#8243; alignment=&#8221;center&#8221;][\/vc_column][vc_column width=&#8221;7\/12&#8243;][vc_empty_space height=&#8221;40px&#8221;][vc_column_text]<\/p>\n<h2><span style=\"color: #663300; font-size: 50px; letter-spacing: 0px;\">LLIMONA<\/span><\/h2>\n<p><span style=\"color: #cc9966; font-size: 21px; line-height: 26px;\">Refrescant i delici\u00f3s, arriba el nostre nou cake de llimona. Un cake com aquest no s\u2019havia vist mai!<\/span>[\/vc_column_text][vc_separator type=&#8221;transparent&#8221; up=&#8221;10&#8243; down=&#8221;10&#8243;][vc_column_text]<\/p>\n<h3><span style=\"color: #663300; line-height: 18px;\">INGREDIENTS<\/span><\/h3>\n<p style=\"color: #663300; font-size: 14px; line-height: 18px;\">Farina de blat, Llimona confitat (18%) (pell de llimona, xarop de glucosa i fructosa, sacarosa, corrector d&#8217;acidesa: \u00e0cid c\u00edtric, conservador: di\u00f2xid de sofre), sucres, oli de gira-sol, ou l\u00edquid pasteuritzat, humectant (glicerina ), emulsionant (mono- i diglic\u00e8rids d&#8217;\u00e0cids grassos), aromes, gasificant* (carbonat \u00e0cid de sodi, difosfat dis\u00f2dic, sulfat de calci, carbonat c\u00e0lcic i mid\u00f3 de blat), sal, acidulant (\u00e0cid l\u00e0ctic), conservador (sorba ) i espessidor (goma guar).<\/p>\n<p>[\/vc_column_text][vc_separator type=&#8221;transparent&#8221; up=&#8221;10&#8243; down=&#8221;10&#8243;][vc_column_text]<\/p>\n<h3><span style=\"color: #663300;\">AL\u00b7L\u00c8RGENS<\/span><\/h3>\n<p style=\"color: #663300; font-size: 14px; line-height: 18px;\">El producte cont\u00e9 gluten i ou. *Pot contenir traces de llet.<\/p>\n<p>[\/vc_column_text][\/vc_column][\/vc_row][vc_row][vc_column][vc_empty_space height=&#8221;40px&#8221;][\/vc_column][\/vc_row][vc_row row_type=&#8221;parallax&#8221; text_align=&#8221;center&#8221; background_image=&#8221;16648&#8243;][vc_column][vc_empty_space height=&#8221;80px&#8221;][vc_column_text]<\/p>\n<h1 style=\"color: #ffffff; font-size: 50px;\">INFORMACI\u00d3 NUTRICIONAL<\/h1>\n<p>[\/vc_column_text][vc_empty_space height=&#8221;80px&#8221;][\/vc_column][\/vc_row][vc_row][vc_column][vc_empty_space height=&#8221;50px&#8221;][vc_column_text]<div class=\"table-responsive\"><table  style=\"width:100%; \"  class=\"easy-table easy-table-default informacion-nutricional-ballara\" border=\"1\">\n<thead>\r\n<tr><th >VALORS<\/th>\n<th >INFORMACI\u00d3(100 g)<\/th>\n<\/tr>\n<\/thead>\n<tbody>\r\n<tr><td >VALOR ENERG\u00c8TIC<\/td>\n<td >401.90 kcal \/1683.70 kJ Kcal<\/td>\n<\/tr>\n\r\n<tr><td >GREIXOS<\/td>\n<td >18.22 g<\/td>\n<\/tr>\n\r\n<tr><td >dels quals<\/td>\n<td ><\/td>\n<\/tr>\n\r\n<tr><td >SATURATS<\/td>\n<td >2.1 g<\/td>\n<\/tr>\n\r\n<tr><td >HIDRATS DE CARBONI<\/td>\n<td >54.09 g<\/td>\n<\/tr>\n\r\n<tr><td >dels quals<\/td>\n<td ><\/td>\n<\/tr>\n\r\n<tr><td >SUCRES<\/td>\n<td >31.06 g<\/td>\n<\/tr>\n\r\n<tr><td >FIBRA ALIMENT\u00c0RIA<\/td>\n<td >3.3 g<\/td>\n<\/tr>\n\r\n<tr><td >PROTE\u00cfNES<\/td>\n<td >3.8 g<\/td>\n<\/tr>\n\r\n<tr><td >SAL<\/td>\n<td >0.34 g<\/td>\n<\/tr>\n<\/tbody><\/table><\/div>[\/vc_column_text][vc_empty_space height=&#8221;100px&#8221;][\/vc_column][\/vc_row][vc_row text_align=&#8221;center&#8221; css=&#8221;.vc_custom_1422734208830{margin-top: 30px !important;margin-right: 30px !important;margin-bottom: 30px !important;margin-left: 30px !important;}&#8221;][vc_column width=&#8221;1\/4&#8243;]<div class=\"q_box_holder with_icon\" style=\"\"><div class=\"box_holder_icon\"><div class=\"box_holder_icon_inner very_large image q_icon_animation\" style=\"transition-delay: 200ms; -webkit-transition-delay: 200ms; -moz-transition-delay: 200ms; -o-transition-delay: 200ms;\"><img decoding=\"async\" style=\"margin: 0px 0px 15px 0px;\" src=\"https:\/\/www.ballara.es\/wp-content\/uploads\/2015\/01\/AF_BALLARA_pictos_FITXA_TRANS.png\" alt=\"\"><\/div><\/div><div class=\"box_holder_inner very_large center\"><h3 class=\"icon_title\" style=\"\">SENSE GREIXOS HIDROGENATS<\/h3><span class=\"separator transparent\" style=\"margin: 8px 0;\"><\/span><p style=\"\"><\/p><\/div><\/div>[\/vc_column][vc_column width=&#8221;1\/4&#8243;]<div class=\"q_box_holder with_icon\" style=\"\"><div class=\"box_holder_icon\"><div class=\"box_holder_icon_inner very_large image q_icon_animation\" style=\"transition-delay: 200ms; -webkit-transition-delay: 200ms; -moz-transition-delay: 200ms; -o-transition-delay: 200ms;\"><img decoding=\"async\" style=\"margin: 0px 0px 15px 0px;\" src=\"https:\/\/www.ballara.es\/wp-content\/uploads\/2015\/01\/AF_BALLARA_pictos_FITXA_OLI.png\" alt=\"\"><\/div><\/div><div class=\"box_holder_inner very_large center\"><h3 class=\"icon_title\" style=\"\">OLI DE GIRA-SOL<\/h3><span class=\"separator transparent\" style=\"margin: 8px 0;\"><\/span><p style=\"\"><\/p><\/div><\/div>[\/vc_column][vc_column width=&#8221;1\/4&#8243;]<div class=\"q_box_holder with_icon\" style=\"\"><div class=\"box_holder_icon\"><div class=\"box_holder_icon_inner very_large image q_icon_animation\" style=\"transition-delay: 200ms; -webkit-transition-delay: 200ms; -moz-transition-delay: 200ms; -o-transition-delay: 200ms;\"><img decoding=\"async\" style=\"margin: 0px 0px 15px 0px;\" src=\"https:\/\/www.ballara.es\/wp-content\/uploads\/2015\/01\/AF_BALLARA_pictos_FITXA_OMEGA.png\" alt=\"\"><\/div><\/div><div class=\"box_holder_inner very_large center\"><h3 class=\"icon_title\" style=\"\">RIC EN VITAMINA E I OMEGA-6<\/h3><span class=\"separator transparent\" style=\"margin: 8px 0;\"><\/span><p style=\"\"><\/p><\/div><\/div>[\/vc_column][vc_column width=&#8221;1\/4&#8243;]<div class=\"q_box_holder with_icon\" style=\"\"><div class=\"box_holder_icon\"><div class=\"box_holder_icon_inner very_large image q_icon_animation\" style=\"transition-delay: 200ms; -webkit-transition-delay: 200ms; -moz-transition-delay: 200ms; -o-transition-delay: 200ms;\"><img decoding=\"async\" style=\"margin: 0px 0px 15px 0px;\" src=\"https:\/\/www.ballara.es\/wp-content\/uploads\/2015\/01\/AF_BALLARA_pictos_FITXA_COLORANT.png\" alt=\"\"><\/div><\/div><div class=\"box_holder_inner very_large center\"><h3 class=\"icon_title\" style=\"\">SENSE COLORANTS ARTIFICIALS<\/h3><span class=\"separator transparent\" style=\"margin: 8px 0;\"><\/span><p style=\"\"><\/p><\/div><\/div>[\/vc_column][\/vc_row][vc_row][vc_column][vc_empty_space height=&#8221;45px&#8221;][\/vc_column][\/vc_row][vc_row row_type=&#8221;parallax&#8221; text_align=&#8221;center&#8221; background_image=&#8221;16454&#8243;][vc_column][vc_empty_space height=&#8221;80px&#8221;][vc_column_text]<\/p>\n<h1 style=\"color: #ffffff; font-size: 50px;\">EMPAQUETAT<\/h1>\n<p style=\"color: #ffffff; font-size: 21px; line-height: 26px;\">El producte est\u00e0 disponible en els formats seg\u00fcents<\/p>\n<p>[\/vc_column_text][vc_empty_space height=&#8221;80px&#8221;][\/vc_column][\/vc_row][vc_row][vc_column][vc_empty_space height=&#8221;60px&#8221;][\/vc_column][\/vc_row][vc_row css=&#8221;.vc_custom_1422736038884{margin-top: 30px !important;margin-right: 30px !important;margin-bottom: 30px !important;margin-left: 30px !important;}&#8221;][vc_column width=&#8221;1\/3&#8243;]<div class=\"q_image_with_text_over \"><div class=\"shader\"><\/div><img decoding=\"async\" src=\"https:\/\/www.ballara.es\/wp-content\/uploads\/2015\/01\/ENVASE_EMBALAJE_65.jpg\" alt=\"65g\" \/><div class=\"text\"><table><tr><td><h2 class=\"caption no_icon\" style=\"font-size: 100px;\">65g<\/h2><\/td><\/tr><\/table><table><tr><td><div class=\"desc\"><\/p>\n<p>I am test text for Image with text shortcode.<\/p>\n<p><\/div><\/td><\/tr><\/table><\/div><\/div>[\/vc_column][vc_column width=&#8221;1\/3&#8243;]<div class=\"q_image_with_text_over \"><div class=\"shader\"><\/div><img decoding=\"async\" src=\"https:\/\/www.ballara.es\/wp-content\/uploads\/2015\/01\/ENVASE_EMBALAJE_400.jpg\" alt=\"400g\" \/><div class=\"text\"><table><tr><td><h2 class=\"caption no_icon\" style=\"font-size: 100px;\">400g<\/h2><\/td><\/tr><\/table><table><tr><td><div class=\"desc\"><\/p>\n<p>I am test text for Image with text shortcode.<\/p>\n<p><\/div><\/td><\/tr><\/table><\/div><\/div>[\/vc_column][vc_column width=&#8221;1\/3&#8243;]<div class=\"q_image_with_text_over \"><div class=\"shader\"><\/div><img decoding=\"async\" src=\"https:\/\/www.ballara.es\/wp-content\/uploads\/2015\/01\/ENVASE_EMBALAJE_800.jpg\" alt=\"800g\" \/><div class=\"text\"><table><tr><td><h2 class=\"caption no_icon\" style=\"font-size: 100px;\">800g<\/h2><\/td><\/tr><\/table><table><tr><td><div class=\"desc\"><\/p>\n<p>I am test text for Image with text shortcode.<\/p>\n<p><\/div><\/td><\/tr><\/table><\/div><\/div>[\/vc_column][\/vc_row][vc_row][vc_column][vc_empty_space height=&#8221;60px&#8221;][\/vc_column][\/vc_row]<\/p>\n<\/div>","protected":false},"excerpt":{"rendered":"<p>[vc_row][vc_column][vc_empty_space][\/vc_column][\/vc_row][vc_row css=&#8221;.vc_custom_1422727294413{margin-right: 50px !important;margin-left: 50px !important;}&#8221;][vc_column width=&#8221;1\/4&#8243;][vc_empty_space height=&#8221;15px&#8221;][vc_single_image image=&#8221;16713&#8243; img_size=&#8221;301&#215;168&#8243; alignment=&#8221;center&#8221;][\/vc_column][vc_column width=&#8221;7\/12&#8243;][vc_empty_space height=&#8221;40px&#8221;][vc_column_text] LLIMONA Refrescant i delici\u00f3s, arriba el nostre nou cake de llimona. Un cake com aquest no s\u2019havia vist mai![\/vc_column_text][vc_separator type=&#8221;transparent&#8221; up=&#8221;10&#8243; down=&#8221;10&#8243;][vc_column_text] INGREDIENTS Farina de blat, Llimona confitat (18%) (pell de llimona,&#8230;<\/p>\n","protected":false},"author":1,"featured_media":0,"parent":16319,"menu_order":0,"comment_status":"open","ping_status":"closed","template":"full_width.php","meta":{"footnotes":""},"class_list":["post-16712","page","type-page","status-publish","hentry"],"_links":{"self":[{"href":"https:\/\/www.ballara.es\/ca\/wp-json\/wp\/v2\/pages\/16712","targetHints":{"allow":["GET"]}}],"collection":[{"href":"https:\/\/www.ballara.es\/ca\/wp-json\/wp\/v2\/pages"}],"about":[{"href":"https:\/\/www.ballara.es\/ca\/wp-json\/wp\/v2\/types\/page"}],"author":[{"embeddable":true,"href":"https:\/\/www.ballara.es\/ca\/wp-json\/wp\/v2\/users\/1"}],"replies":[{"embeddable":true,"href":"https:\/\/www.ballara.es\/ca\/wp-json\/wp\/v2\/comments?post=16712"}],"version-history":[{"count":11,"href":"https:\/\/www.ballara.es\/ca\/wp-json\/wp\/v2\/pages\/16712\/revisions"}],"predecessor-version":[{"id":17083,"href":"https:\/\/www.ballara.es\/ca\/wp-json\/wp\/v2\/pages\/16712\/revisions\/17083"}],"up":[{"embeddable":true,"href":"https:\/\/www.ballara.es\/ca\/wp-json\/wp\/v2\/pages\/16319"}],"wp:attachment":[{"href":"https:\/\/www.ballara.es\/ca\/wp-json\/wp\/v2\/media?parent=16712"}],"curies":[{"name":"wp","href":"https:\/\/api.w.org\/{rel}","templated":true}]}}