{"id":16319,"date":"2015-01-31T17:30:08","date_gmt":"2015-01-31T16:30:08","guid":{"rendered":"http:\/\/www.ballara.es\/?page_id=16319"},"modified":"2022-04-20T09:00:00","modified_gmt":"2022-04-20T08:00:00","slug":"product","status":"publish","type":"page","link":"https:\/\/www.ballara.es\/ca\/productes\/","title":{"rendered":"Productes"},"content":{"rendered":"<div class=\"wpb-content-wrapper\"><p>[vc_row text_align=&#8221;center&#8221; background_image=&#8221;16578&#8243;][vc_column][vc_empty_space height=&#8221;90px&#8221;][vc_empty_space height=&#8221;35px&#8221;][vc_column_text]<\/p>\n<h1><span style=\"color: #ffffff; font-size: 70px;\">PRODUCTES<\/span><\/h1>\n<p>[\/vc_column_text][vc_empty_space height=&#8221;60px&#8221;][\/vc_column][\/vc_row][vc_row text_align=&#8221;center&#8221;][vc_column][vc_empty_space height=&#8221;60px&#8221;][vc_column_text]<\/p>\n<h1><span style=\"color: #663300; font-size: 50px;\">UNA GRAN FAM\u00cdLIA<\/span><\/h1>\n<p><span style=\"color: #cc9966; font-size: 21px; line-height: 26px;\">T\u2019ensenyem tots els nostres productes.<\/span><br \/>\n<span style=\"color: #cc9966; font-size: 21px; line-height: 26px;\">Oi que no saps quin triar?<\/span>[\/vc_column_text][vc_empty_space height=&#8221;45px&#8221;][\/vc_column][\/vc_row][vc_row][vc_column width=&#8221;1\/4&#8243;][vc_single_image image=&#8221;16591&#8243; img_size=&#8221;300&#215;200&#8243; alignment=&#8221;center&#8221; onclick=&#8221;custom_link&#8221; qode_css_animation=&#8221;element_from_fade&#8221; transition_delay=&#8221;0.2&#8243; link=&#8221;https:\/\/www.ballara.es\/ca\/productes\/poma-canyella\/&#8221;][\/vc_column][vc_column width=&#8221;1\/4&#8243;][vc_single_image image=&#8221;16594&#8243; img_size=&#8221;300&#215;200&#8243; alignment=&#8221;center&#8221; onclick=&#8221;custom_link&#8221; qode_css_animation=&#8221;element_from_fade&#8221; transition_delay=&#8221;0.2&#8243; link=&#8221;https:\/\/www.ballara.es\/ca\/productes\/brownie\/&#8221;][\/vc_column][vc_column width=&#8221;1\/4&#8243;][vc_single_image image=&#8221;16606&#8243; img_size=&#8221;300&#215;200&#8243; alignment=&#8221;center&#8221; onclick=&#8221;custom_link&#8221; qode_css_animation=&#8221;element_from_fade&#8221; transition_delay=&#8221;0.2&#8243; link=&#8221;https:\/\/www.ballara.es\/ca\/productes\/integral-amb-panses\/&#8221;][\/vc_column][vc_column width=&#8221;1\/4&#8243;][vc_single_image image=&#8221;16605&#8243; img_size=&#8221;300&#215;200&#8243; alignment=&#8221;center&#8221; onclick=&#8221;custom_link&#8221; qode_css_animation=&#8221;element_from_fade&#8221; transition_delay=&#8221;0.2&#8243; link=&#8221;https:\/\/www.ballara.es\/ca\/productes\/fruita\/&#8221;][\/vc_column][\/vc_row][vc_row][vc_column width=&#8221;1\/4&#8243;][vc_single_image image=&#8221;16607&#8243; img_size=&#8221;300&#215;200&#8243; alignment=&#8221;center&#8221; onclick=&#8221;custom_link&#8221; qode_css_animation=&#8221;element_from_fade&#8221; transition_delay=&#8221;0.2&#8243; link=&#8221;https:\/\/www.ballara.es\/ca\/productes\/llimona\/&#8221;][\/vc_column][vc_column width=&#8221;1\/4&#8243;][vc_single_image image=&#8221;16609&#8243; img_size=&#8221;300&#215;200&#8243; alignment=&#8221;center&#8221; onclick=&#8221;custom_link&#8221; qode_css_animation=&#8221;element_from_fade&#8221; transition_delay=&#8221;0.2&#8243; link=&#8221;https:\/\/www.ballara.es\/ca\/productes\/taronja-xocolata\/&#8221;][\/vc_column][vc_column width=&#8221;1\/4&#8243;][vc_single_image image=&#8221;16603&#8243; img_size=&#8221;300&#215;200&#8243; alignment=&#8221;center&#8221; onclick=&#8221;custom_link&#8221; qode_css_animation=&#8221;element_from_fade&#8221; transition_delay=&#8221;0.2&#8243; link=&#8221;https:\/\/www.ballara.es\/ca\/productes\/pastanaga\/&#8221;][\/vc_column][vc_column width=&#8221;1\/4&#8243;][vc_single_image image=&#8221;16604&#8243; img_size=&#8221;300&#215;200&#8243; alignment=&#8221;center&#8221; onclick=&#8221;custom_link&#8221; qode_css_animation=&#8221;element_from_fade&#8221; transition_delay=&#8221;0.2&#8243; link=&#8221;https:\/\/www.ballara.es\/ca\/productes\/xocolata\/&#8221;][\/vc_column][\/vc_row][vc_row][vc_column width=&#8221;1\/4&#8243;][vc_single_image image=&#8221;16608&#8243; img_size=&#8221;300&#215;200&#8243; alignment=&#8221;center&#8221; onclick=&#8221;custom_link&#8221; qode_css_animation=&#8221;element_from_fade&#8221; transition_delay=&#8221;0.2&#8243; link=&#8221;https:\/\/www.ballara.es\/ca\/productes\/taronja\/&#8221;][\/vc_column][vc_column width=&#8221;1\/4&#8243;][vc_single_image image=&#8221;16593&#8243; img_size=&#8221;300&#215;200&#8243; alignment=&#8221;center&#8221; onclick=&#8221;custom_link&#8221; qode_css_animation=&#8221;element_from_fade&#8221; transition_delay=&#8221;0.2&#8243; link=&#8221;https:\/\/www.ballara.es\/ca\/productes\/pa-pessic-vainilla\/&#8221;][\/vc_column][vc_column width=&#8221;1\/4&#8243;][vc_single_image image=&#8221;16592&#8243; img_size=&#8221;300&#215;200&#8243; alignment=&#8221;center&#8221; onclick=&#8221;custom_link&#8221; qode_css_animation=&#8221;element_from_fade&#8221; transition_delay=&#8221;0.2&#8243; link=&#8221;https:\/\/www.ballara.es\/ca\/productes\/pa-pessic-marbre\/&#8221;][\/vc_column][vc_column width=&#8221;1\/4&#8243;][\/vc_column][\/vc_row][vc_row][vc_column][vc_empty_space height=&#8221;75px&#8221;][\/vc_column][\/vc_row][vc_row text_align=&#8221;center&#8221; background_image=&#8221;16333&#8243; background_color=&#8221;#6b3e20&#8243;][vc_column offset=&#8221;vc_col-lg-offset-1 vc_col-lg-10 vc_col-xs-12&#8243;][vc_empty_space height=&#8221;100px&#8221;][vc_column_text css=&#8221;.vc_custom_1650380630196{margin-right: 60px !important;margin-left: 60px !important;}&#8221;]<span style=\"color: #ffffff; font-size: 21px; line-height: 26px;\">Qu\u00e8 et podem explicar que encara no s\u00e0pigues? Des del 1919, els nostres productes endolceixen somriures, aporten energia als berenars dels m\u00e9s petits de la casa, omplen els moments quotidians d\u2019un plaer irresistible i s\u00f3n temptacions a les quals \u00e9s impossible resistir-s\u2019hi.<\/span>[\/vc_column_text][vc_empty_space][vc_column_text css=&#8221;.vc_custom_1650380647012{margin-right: 60px !important;margin-left: 60px !important;}&#8221;]<span style=\"color: #ffffff; font-size: 21px; line-height: 26px;\">A m\u00e9s, sempre aporten el punt de dol\u00e7or a una dieta sana i equilibrada gr\u00e0cies a la qualitat i a la responsabilitat que acompanya el nostre proc\u00e9s productiu.<\/span>[\/vc_column_text][vc_empty_space height=&#8221;100px&#8221;][\/vc_column][\/vc_row][vc_row row_type=&#8221;parallax&#8221; text_align=&#8221;center&#8221; background_image=&#8221;16905&#8243;][vc_column][vc_empty_space height=&#8221;100px&#8221;][vc_column_text]<\/p>\n<h1 style=\"color: #fff; font-size: 50px;\">ARA, EN ENV\u00c0S INDIVIDUAL<\/h1>\n<p style=\"color: #fff; font-size: 21px; line-height: 26px;\">Els nostres nous productes ja estan tallats i envasats individualment, aix\u00ed aconseguim preservar-ne sempre la qualitat i millorar-ne la conservaci\u00f3.<\/p>\n<p>[\/vc_column_text][vc_empty_space height=&#8221;100px&#8221;][\/vc_column][\/vc_row]<\/p>\n<\/div>","protected":false},"excerpt":{"rendered":"<p>[vc_row text_align=&#8221;center&#8221; background_image=&#8221;16578&#8243;][vc_column][vc_empty_space height=&#8221;90px&#8221;][vc_empty_space height=&#8221;35px&#8221;][vc_column_text] PRODUCTES [\/vc_column_text][vc_empty_space height=&#8221;60px&#8221;][\/vc_column][\/vc_row][vc_row text_align=&#8221;center&#8221;][vc_column][vc_empty_space height=&#8221;60px&#8221;][vc_column_text] UNA GRAN FAM\u00cdLIA T\u2019ensenyem tots els nostres productes. Oi que no saps quin triar?[\/vc_column_text][vc_empty_space height=&#8221;45px&#8221;][\/vc_column][\/vc_row][vc_row][vc_column width=&#8221;1\/4&#8243;][vc_single_image image=&#8221;16591&#8243; img_size=&#8221;300&#215;200&#8243; alignment=&#8221;center&#8221; onclick=&#8221;custom_link&#8221; qode_css_animation=&#8221;element_from_fade&#8221; transition_delay=&#8221;0.2&#8243; link=&#8221;https:\/\/www.ballara.es\/ca\/productes\/poma-canyella\/&#8221;][\/vc_column][vc_column width=&#8221;1\/4&#8243;][vc_single_image image=&#8221;16594&#8243; img_size=&#8221;300&#215;200&#8243; alignment=&#8221;center&#8221; onclick=&#8221;custom_link&#8221; qode_css_animation=&#8221;element_from_fade&#8221; transition_delay=&#8221;0.2&#8243; link=&#8221;https:\/\/www.ballara.es\/ca\/productes\/brownie\/&#8221;][\/vc_column][vc_column width=&#8221;1\/4&#8243;][vc_single_image image=&#8221;16606&#8243; img_size=&#8221;300&#215;200&#8243; alignment=&#8221;center&#8221;&#8230;<\/p>\n","protected":false},"author":1,"featured_media":0,"parent":0,"menu_order":0,"comment_status":"open","ping_status":"closed","template":"full_width.php","meta":{"footnotes":""},"class_list":["post-16319","page","type-page","status-publish","hentry"],"_links":{"self":[{"href":"https:\/\/www.ballara.es\/ca\/wp-json\/wp\/v2\/pages\/16319","targetHints":{"allow":["GET"]}}],"collection":[{"href":"https:\/\/www.ballara.es\/ca\/wp-json\/wp\/v2\/pages"}],"about":[{"href":"https:\/\/www.ballara.es\/ca\/wp-json\/wp\/v2\/types\/page"}],"author":[{"embeddable":true,"href":"https:\/\/www.ballara.es\/ca\/wp-json\/wp\/v2\/users\/1"}],"replies":[{"embeddable":true,"href":"https:\/\/www.ballara.es\/ca\/wp-json\/wp\/v2\/comments?post=16319"}],"version-history":[{"count":56,"href":"https:\/\/www.ballara.es\/ca\/wp-json\/wp\/v2\/pages\/16319\/revisions"}],"predecessor-version":[{"id":17095,"href":"https:\/\/www.ballara.es\/ca\/wp-json\/wp\/v2\/pages\/16319\/revisions\/17095"}],"wp:attachment":[{"href":"https:\/\/www.ballara.es\/ca\/wp-json\/wp\/v2\/media?parent=16319"}],"curies":[{"name":"wp","href":"https:\/\/api.w.org\/{rel}","templated":true}]}}