{"id":16270,"date":"2015-01-30T17:20:05","date_gmt":"2015-01-30T16:20:05","guid":{"rendered":"http:\/\/www.ballara.es\/?page_id=16270"},"modified":"2022-04-20T08:56:18","modified_gmt":"2022-04-20T07:56:18","slug":"home-2","status":"publish","type":"page","link":"https:\/\/www.ballara.es\/ca\/","title":{"rendered":"Inici"},"content":{"rendered":"<div class=\"wpb-content-wrapper\"><p>[vc_row row_type=&#8221;parallax&#8221; anchor=&#8221;tester-parallax&#8221; text_align=&#8221;center&#8221; background_image=&#8221;16650&#8243; parallax_speed=&#8221;0.3&#8243;][vc_column offset=&#8221;vc_col-lg-offset-2 vc_col-lg-8 vc_col-xs-12&#8243;][vc_empty_space height=&#8221;100px&#8221;][vc_column_text]<\/p>\n<p><span style=\"color: #cc9966; font-size: 21px; line-height: 26px;\">Des de 1919, treballem en el que sabem fer millor, rebosteria de qualitat.<\/span><\/p>\n<p><span style=\"color: #cc9966; font-size: 21px; line-height: 26px;\">L\u2019esfor\u00e7, la il\u00b7lusi\u00f3 i la dedicaci\u00f3 constant s\u00f3n el nostre comprom\u00eds diari.<\/span><\/p>\n<p>[\/vc_column_text][vc_empty_space height=&#8221;100px&#8221;][\/vc_column][\/vc_row][vc_row][vc_column][vc_empty_space height=&#8221;35px&#8221;][vc_column_text]<\/p>\n<h1 style=\"text-align: center; font-size: 50px;\"><span style=\"color: #663300;\">UNA GRAN FAM\u00cdILIA<\/span><\/h1>\n<p style=\"text-align: center; font-size: 21px; line-height: 26px;\"><span style=\"color: #cc9966;\">T\u2019ensenyem tots els nostres productes.<\/span><\/p>\n<p style=\"text-align: center; font-size: 21px; line-height: 26px;\"><span style=\"color: #cc9966;\">Oi que no saps quin triar?<\/span><\/p>\n<p>[\/vc_column_text][vc_empty_space height=&#8221;35px&#8221;][\/vc_column][\/vc_row][vc_row anchor=&#8221;home-products&#8221; background_color=&#8221;rgba(255,255,255,0.01)&#8221; border_color=&#8221;rgba(255,255,255,0.01)&#8221;][vc_column width=&#8221;1\/4&#8243;][vc_single_image image=&#8221;16591&#8243; img_size=&#8221;300&#215;200&#8243; alignment=&#8221;center&#8221; onclick=&#8221;custom_link&#8221; qode_css_animation=&#8221;element_from_fade&#8221; transition_delay=&#8221;0.2&#8243; link=&#8221;https:\/\/www.ballara.es\/ca\/productes\/poma-canyella\/&#8221;][\/vc_column][vc_column width=&#8221;1\/4&#8243;][vc_single_image image=&#8221;16594&#8243; img_size=&#8221;300&#215;200&#8243; alignment=&#8221;center&#8221; onclick=&#8221;custom_link&#8221; qode_css_animation=&#8221;element_from_fade&#8221; transition_delay=&#8221;0.2&#8243; link=&#8221;https:\/\/www.ballara.es\/ca\/productes\/brownie\/&#8221;][\/vc_column][vc_column width=&#8221;1\/4&#8243;][vc_single_image image=&#8221;16606&#8243; img_size=&#8221;300&#215;200&#8243; alignment=&#8221;center&#8221; onclick=&#8221;custom_link&#8221; qode_css_animation=&#8221;element_from_fade&#8221; transition_delay=&#8221;0.2&#8243; link=&#8221;https:\/\/www.ballara.es\/ca\/productes\/integral-amb-panses\/&#8221;][\/vc_column][vc_column width=&#8221;1\/4&#8243;][vc_single_image image=&#8221;16605&#8243; img_size=&#8221;300&#215;200&#8243; alignment=&#8221;center&#8221; onclick=&#8221;custom_link&#8221; qode_css_animation=&#8221;element_from_fade&#8221; transition_delay=&#8221;0.2&#8243; link=&#8221;https:\/\/www.ballara.es\/ca\/productes\/fruita\/&#8221;][\/vc_column][\/vc_row][vc_row anchor=&#8221;home-products&#8221; background_color=&#8221;rgba(255,255,255,0.01)&#8221; border_color=&#8221;rgba(255,255,255,0.01)&#8221;][vc_column width=&#8221;1\/4&#8243;][vc_single_image image=&#8221;16607&#8243; img_size=&#8221;300&#215;200&#8243; alignment=&#8221;center&#8221; onclick=&#8221;custom_link&#8221; qode_css_animation=&#8221;element_from_fade&#8221; transition_delay=&#8221;0.2&#8243; link=&#8221;https:\/\/www.ballara.es\/ca\/productes\/llimona\/&#8221;][\/vc_column][vc_column width=&#8221;1\/4&#8243;][vc_single_image image=&#8221;16609&#8243; img_size=&#8221;300&#215;200&#8243; alignment=&#8221;center&#8221; onclick=&#8221;custom_link&#8221; qode_css_animation=&#8221;element_from_fade&#8221; transition_delay=&#8221;0.2&#8243; link=&#8221;https:\/\/www.ballara.es\/ca\/productes\/taronja-xocolata\/&#8221;][\/vc_column][vc_column width=&#8221;1\/4&#8243;][vc_single_image image=&#8221;16603&#8243; img_size=&#8221;300&#215;200&#8243; alignment=&#8221;center&#8221; onclick=&#8221;custom_link&#8221; qode_css_animation=&#8221;element_from_fade&#8221; transition_delay=&#8221;0.2&#8243; link=&#8221;https:\/\/www.ballara.es\/ca\/productes\/pastanaga\/&#8221;][\/vc_column][vc_column width=&#8221;1\/4&#8243;][vc_single_image image=&#8221;16604&#8243; img_size=&#8221;300&#215;200&#8243; alignment=&#8221;center&#8221; onclick=&#8221;custom_link&#8221; qode_css_animation=&#8221;element_from_fade&#8221; transition_delay=&#8221;0.2&#8243; link=&#8221;https:\/\/www.ballara.es\/ca\/productes\/xocolata\/&#8221;][\/vc_column][\/vc_row][vc_row anchor=&#8221;home-products&#8221; background_color=&#8221;rgba(255,255,255,0.01)&#8221; border_color=&#8221;rgba(255,255,255,0.01)&#8221;][vc_column width=&#8221;1\/4&#8243;][vc_single_image image=&#8221;16608&#8243; img_size=&#8221;300&#215;200&#8243; alignment=&#8221;center&#8221; onclick=&#8221;custom_link&#8221; qode_css_animation=&#8221;element_from_fade&#8221; transition_delay=&#8221;0.2&#8243; link=&#8221;https:\/\/www.ballara.es\/ca\/productes\/taronja\/&#8221;][\/vc_column][vc_column width=&#8221;1\/4&#8243;][vc_single_image image=&#8221;16593&#8243; img_size=&#8221;300&#215;200&#8243; alignment=&#8221;center&#8221; onclick=&#8221;custom_link&#8221; qode_css_animation=&#8221;element_from_fade&#8221; transition_delay=&#8221;0.2&#8243; link=&#8221;https:\/\/www.ballara.es\/ca\/productes\/pa-pessic-vainilla\/&#8221;][\/vc_column][vc_column width=&#8221;1\/4&#8243;][vc_single_image image=&#8221;16592&#8243; img_size=&#8221;300&#215;200&#8243; alignment=&#8221;center&#8221; onclick=&#8221;custom_link&#8221; qode_css_animation=&#8221;element_from_fade&#8221; transition_delay=&#8221;0.2&#8243; link=&#8221;https:\/\/www.ballara.es\/ca\/productes\/pa-pessic-marbre\/&#8221;][\/vc_column][vc_column width=&#8221;1\/4&#8243;][\/vc_column][\/vc_row][vc_row][vc_column][vc_empty_space][\/vc_column][\/vc_row]<\/p>\n<\/div>","protected":false},"excerpt":{"rendered":"<p>[vc_row row_type=&#8221;parallax&#8221; anchor=&#8221;tester-parallax&#8221; text_align=&#8221;center&#8221; background_image=&#8221;16650&#8243; parallax_speed=&#8221;0.3&#8243;][vc_column offset=&#8221;vc_col-lg-offset-2 vc_col-lg-8 vc_col-xs-12&#8243;][vc_empty_space height=&#8221;100px&#8221;][vc_column_text] Des de 1919, treballem en el que sabem fer millor, rebosteria de qualitat. L\u2019esfor\u00e7, la il\u00b7lusi\u00f3 i la dedicaci\u00f3 constant s\u00f3n el nostre comprom\u00eds diari. [\/vc_column_text][vc_empty_space height=&#8221;100px&#8221;][\/vc_column][\/vc_row][vc_row][vc_column][vc_empty_space height=&#8221;35px&#8221;][vc_column_text] UNA GRAN FAM\u00cdILIA T\u2019ensenyem tots els nostres&#8230;<\/p>\n","protected":false},"author":1,"featured_media":0,"parent":0,"menu_order":0,"comment_status":"open","ping_status":"closed","template":"full_width.php","meta":{"footnotes":""},"class_list":["post-16270","page","type-page","status-publish","hentry"],"_links":{"self":[{"href":"https:\/\/www.ballara.es\/ca\/wp-json\/wp\/v2\/pages\/16270","targetHints":{"allow":["GET"]}}],"collection":[{"href":"https:\/\/www.ballara.es\/ca\/wp-json\/wp\/v2\/pages"}],"about":[{"href":"https:\/\/www.ballara.es\/ca\/wp-json\/wp\/v2\/types\/page"}],"author":[{"embeddable":true,"href":"https:\/\/www.ballara.es\/ca\/wp-json\/wp\/v2\/users\/1"}],"replies":[{"embeddable":true,"href":"https:\/\/www.ballara.es\/ca\/wp-json\/wp\/v2\/comments?post=16270"}],"version-history":[{"count":74,"href":"https:\/\/www.ballara.es\/ca\/wp-json\/wp\/v2\/pages\/16270\/revisions"}],"predecessor-version":[{"id":17094,"href":"https:\/\/www.ballara.es\/ca\/wp-json\/wp\/v2\/pages\/16270\/revisions\/17094"}],"wp:attachment":[{"href":"https:\/\/www.ballara.es\/ca\/wp-json\/wp\/v2\/media?parent=16270"}],"curies":[{"name":"wp","href":"https:\/\/api.w.org\/{rel}","templated":true}]}}